{"id":318557,"date":"2026-01-29T09:29:39","date_gmt":"2026-01-29T00:29:39","guid":{"rendered":"https:\/\/ksensors.co.kr\/product\/manyyear-mlc401e-compression-force-load-cell-400t\/"},"modified":"2026-01-29T09:31:47","modified_gmt":"2026-01-29T00:31:47","slug":"manyyear-mlc401e-compression-force-load-cell-400t","status":"publish","type":"product","link":"https:\/\/ksensors.co.kr\/ru\/product\/manyyear-mlc401e-compression-force-load-cell-400t\/","title":{"rendered":"MANYYEAR \/ MLC401E Compression force load cell 400T"},"content":{"rendered":"<h2>MLC401E Compression Force Load Cell 400T<\/h2>\n<h3>Product Picture<\/h3>\n<p>\n  <img fetchpriority=\"high\" decoding=\"async\" src=\"https:\/\/ksensors.co.kr\/wp-content\/uploads\/2026\/01\/MLC401E-8.jpg\"\n       alt=\"MLC401E Compression force load cell 400T\"\n       width=\"750\" height=\"750\" \/>\n<\/p>\n<h3>Product Overview<\/h3>\n<ul>\n<li><strong>Model:<\/strong> MLC401L<\/li>\n<li><strong>Category:<\/strong> Column Load Cell<\/li>\n<li><strong>Measuring Range:<\/strong> 1t, 2t, 3t, 5t, 10t, 15t, 20t<\/li>\n<li><strong>Size:<\/strong> 88\u00d764 mm; 106\u00d776 mm; 130\u00d788 mm<\/li>\n<li><strong>Material:<\/strong> Alloy Steel, Stainless Steel<\/li>\n<li><strong>Applications:<\/strong> Hydraulic dynamometer, pressure test, large range load cell, oil pressure dynamometer, electronic floor scale, truck scale<\/li>\n<\/ul>\n<p><em>\u203b Specifications are for reference only. ODM customization is available.<\/em><\/p>\n<hr>\n<h3>Technical Specifications<\/h3>\n<table border=\"1\" cellspacing=\"0\" cellpadding=\"8\" width=\"100%\">\n<tbody>\n<tr>\n<td>Comprehensive Error<\/td>\n<td>0.02% FS<\/td>\n<td>Output Resistance<\/td>\n<td>700 \u00b110 \u03a9<\/td>\n<\/tr>\n<tr>\n<td>Rated Output<\/td>\n<td>1.5 \u00b10.002 mV\/V<\/td>\n<td>Insulation Resistance<\/td>\n<td>\u22655000 M\u03a9 (100VDC)<\/td>\n<\/tr>\n<tr>\n<td>Non-linearity<\/td>\n<td>0.02% FS<\/td>\n<td>Excitation Voltage<\/td>\n<td>9\u201312 VDC<\/td>\n<\/tr>\n<tr>\n<td>Hysteresis<\/td>\n<td>0.02% FS<\/td>\n<td>Compensated Temperature<\/td>\n<td>-10~+40 \u2103<\/td>\n<\/tr>\n<tr>\n<td>Repeatability<\/td>\n<td>0.01% FS<\/td>\n<td>Use Temperature<\/td>\n<td>-40~+80 \u2103<\/td>\n<\/tr>\n<tr>\n<td>Creep<\/td>\n<td>0.02% FS \/ 10 min<\/td>\n<td>Temp Effect on Zero<\/td>\n<td>0.017% FS \/ 10 \u2103<\/td>\n<\/tr>\n<tr>\n<td>Zero Balance<\/td>\n<td>\u00b11% FS<\/td>\n<td>Temp Effect on Span<\/td>\n<td>0.014% FS \/ 10 \u2103<\/td>\n<\/tr>\n<tr>\n<td>Input Resistance<\/td>\n<td>700 \u00b110 \u03a9<\/td>\n<td>Protection Grade<\/td>\n<td>IP68<\/td>\n<\/tr>\n<\/tbody>\n<\/table>\n<hr>\n<h3>Product Dimension<\/h3>\n<p>\n  <img decoding=\"async\" src=\"https:\/\/ksensors.co.kr\/wp-content\/uploads\/2026\/01\/MLC401E-SIZE-e1718769125402.jpg\"\n       alt=\"MLC401E Compression force load cell dimension\"\n       width=\"750\" height=\"512\" \/>\n<\/p>\n<table border=\"1\" cellspacing=\"0\" cellpadding=\"6\" width=\"100%\">\n<thead>\n<tr>\n<th>Measuring Range<\/th>\n<th>A<\/th>\n<th>B<\/th>\n<th>C<\/th>\n<th>D<\/th>\n<th>E<\/th>\n<th>F<\/th>\n<th>G<\/th>\n<th>H<\/th>\n<th>K<\/th>\n<th>L<\/th>\n<\/tr>\n<\/thead>\n<tbody>\n<tr>\n<td>20t<\/td>\n<td>76<\/td>\n<td>82.6<\/td>\n<td>48<\/td>\n<td>150<\/td>\n<td>56<\/td>\n<td>9<\/td>\n<td>31.8<\/td>\n<td>48<\/td>\n<td>10<\/td>\n<td>M12<\/td>\n<\/tr>\n<tr>\n<td>25t<\/td>\n<td>100<\/td>\n<td>117<\/td>\n<td>65<\/td>\n<td>150<\/td>\n<td>76<\/td>\n<td>12<\/td>\n<td>38<\/td>\n<td>38<\/td>\n<td>14<\/td>\n<td>M20<\/td>\n<\/tr>\n<tr>\n<td>30t<\/td>\n<td>100<\/td>\n<td>117<\/td>\n<td>65<\/td>\n<td>150<\/td>\n<td>76<\/td>\n<td>12<\/td>\n<td>38<\/td>\n<td>38<\/td>\n<td>14<\/td>\n<td>M20<\/td>\n<\/tr>\n<tr>\n<td>40t<\/td>\n<td>100<\/td>\n<td>117<\/td>\n<td>65<\/td>\n<td>150<\/td>\n<td>76<\/td>\n<td>12<\/td>\n<td>38<\/td>\n<td>38<\/td>\n<td>14<\/td>\n<td>M20<\/td>\n<\/tr>\n<tr>\n<td>50\/60t<\/td>\n<td>107<\/td>\n<td>127<\/td>\n<td>66<\/td>\n<td>200<\/td>\n<td>81<\/td>\n<td>12.7<\/td>\n<td>58<\/td>\n<td>64<\/td>\n<td>14<\/td>\n<td>M20<\/td>\n<\/tr>\n<tr>\n<td>70t<\/td>\n<td>125<\/td>\n<td>142<\/td>\n<td>91<\/td>\n<td>250<\/td>\n<td>86.5<\/td>\n<td>13<\/td>\n<td>58<\/td>\n<td>64<\/td>\n<td>14<\/td>\n<td>M20<\/td>\n<\/tr>\n<tr>\n<td>100t<\/td>\n<td>165<\/td>\n<td>184<\/td>\n<td>104<\/td>\n<td>300<\/td>\n<td>111.8<\/td>\n<td>20<\/td>\n<td>70<\/td>\n<td>70<\/td>\n<td>20<\/td>\n<td>M20<\/td>\n<\/tr>\n<tr>\n<td>150t<\/td>\n<td>165<\/td>\n<td>184<\/td>\n<td>104<\/td>\n<td>300<\/td>\n<td>111.8<\/td>\n<td>20<\/td>\n<td>70<\/td>\n<td>78<\/td>\n<td>20<\/td>\n<td>M20<\/td>\n<\/tr>\n<tr>\n<td>200t<\/td>\n<td>223<\/td>\n<td>250<\/td>\n<td>152<\/td>\n<td>500<\/td>\n<td>137.5<\/td>\n<td>20<\/td>\n<td>100<\/td>\n<td>112<\/td>\n<td>36<\/td>\n<td>M24<\/td>\n<\/tr>\n<tr>\n<td>300\/400t<\/td>\n<td>223<\/td>\n<td>250<\/td>\n<td>152<\/td>\n<td>500<\/td>\n<td>137.5<\/td>\n<td>20<\/td>\n<td>108<\/td>\n<td>112<\/td>\n<td>36<\/td>\n<td>M24<\/td>\n<\/tr>\n<\/tbody>\n<\/table>\n<hr>\n<h3>Force Structure &#038; Assembly Reference<\/h3>\n<p>\n  <img decoding=\"async\" src=\"https:\/\/ksensors.co.kr\/wp-content\/uploads\/2026\/01\/MLC400-Column-load-cell-force-structure.jpg\"\n       alt=\"MLC401E force structure\"\n       width=\"750\" height=\"421\" \/><\/p>\n","protected":false},"excerpt":{"rendered":"<h2 id=\"toc_1\" class=\"toc-index\">MLC401E Hydraulic Press Forging Press Large Range Column Weighing Sensor 300t<\/h2>\n<p>Model: MLC401E<br \/>\nCategory: Column weighing sensor<br \/>\nMeasurement range: 20t, 25t, 30t, 40t, 50t, 60t, 70t, 100t, 150t, 200t, 300t, 400t<br \/>\nSize: 76 * 82.6mm; 125 * 142 millimeters; 223 * 250mm<br \/>\nMaterials: alloy steel, stainless steel<br \/>\nApplication: Automobile scale, electronic floor scale, hydraulic press, hydraulic press, dynamometer, large-scale weighing sensor<\/p>\n","protected":false},"featured_media":318562,"template":"","meta":[],"product_brand":[2674],"product_cat":[910],"product_tag":[2316,2370],"class_list":{"0":"post-318557","1":"product","2":"type-product","3":"status-publish","4":"has-post-thumbnail","6":"product_brand-manyyear-ru","7":"product_cat-910","8":"product_tag----ru","9":"product_tag---ru","11":"first","12":"instock","13":"taxable","14":"shipping-taxable","15":"product-type-simple"},"yoast_head":"<!-- This site is optimized with the Yoast SEO Premium plugin v27.4 (Yoast SEO v27.4) - https:\/\/yoast.com\/product\/yoast-seo-premium-wordpress\/ -->\n<title>MANYYEAR \/ MLC401E Compression force load cell 400T - KSENSORS : \ucf00\uc774\uc13c\uc11c\uc2a4<\/title>\n<meta name=\"robots\" content=\"index, follow, max-snippet:-1, max-image-preview:large, max-video-preview:-1\" \/>\n<link rel=\"canonical\" href=\"https:\/\/ksensors.co.kr\/product\/manyyear-mlc401e-compression-force-load-cell-400t\/\" \/>\n<meta property=\"og:locale\" content=\"ru_RU\" \/>\n<meta property=\"og:type\" content=\"article\" \/>\n<meta property=\"og:title\" content=\"MANYYEAR \/ MLC401E Compression force load cell 400T\" \/>\n<meta property=\"og:description\" content=\"MLC401E Hydraulic Press Forging Press Large Range Column Weighing Sensor 300t Model: MLC401E Category: Column weighing sensor Measurement range: 20t, 25t, 30t, 40t, 50t, 60t, 70t, 100t, 150t, 200t, 300t, 400t Size: 76 * 82.6mm; 125 * 142 millimeters; 223 * 250mm Materials: alloy steel, stainless steel Application: Automobile scale, electronic floor scale, hydraulic press, hydraulic press, dynamometer, large-scale weighing sensor\" \/>\n<meta property=\"og:url\" content=\"https:\/\/ksensors.co.kr\/product\/manyyear-mlc401e-compression-force-load-cell-400t\/\" \/>\n<meta property=\"og:site_name\" content=\"KSENSORS : \ucf00\uc774\uc13c\uc11c\uc2a4\" \/>\n<meta property=\"article:modified_time\" content=\"2026-01-29T00:31:47+00:00\" \/>\n<meta property=\"og:image\" content=\"https:\/\/ksensors.co.kr\/wp-content\/uploads\/2026\/01\/MLC401L-5.jpg\" \/>\n\t<meta property=\"og:image:width\" content=\"750\" \/>\n\t<meta property=\"og:image:height\" content=\"750\" \/>\n\t<meta property=\"og:image:type\" content=\"image\/jpeg\" \/>\n<meta name=\"twitter:card\" content=\"summary_large_image\" \/>\n<meta name=\"twitter:label1\" content=\"Est. reading time\" \/>\n\t<meta name=\"twitter:data1\" content=\"1 \u043c\u0438\u043d\u0443\u0442\u0430\" \/>\n<script type=\"application\/ld+json\" class=\"yoast-schema-graph\">{\"@context\":\"https:\\\/\\\/schema.org\",\"@graph\":[{\"@type\":\"WebPage\",\"@id\":\"https:\\\/\\\/ksensors.co.kr\\\/product\\\/manyyear-mlc401e-compression-force-load-cell-400t\\\/\",\"url\":\"https:\\\/\\\/ksensors.co.kr\\\/product\\\/manyyear-mlc401e-compression-force-load-cell-400t\\\/\",\"name\":\"MANYYEAR \\\/ MLC401E Compression force load cell 400T - KSENSORS : \ucf00\uc774\uc13c\uc11c\uc2a4\",\"isPartOf\":{\"@id\":\"https:\\\/\\\/ksensors.co.kr\\\/#website\"},\"primaryImageOfPage\":{\"@id\":\"https:\\\/\\\/ksensors.co.kr\\\/product\\\/manyyear-mlc401e-compression-force-load-cell-400t\\\/#primaryimage\"},\"image\":{\"@id\":\"https:\\\/\\\/ksensors.co.kr\\\/product\\\/manyyear-mlc401e-compression-force-load-cell-400t\\\/#primaryimage\"},\"thumbnailUrl\":\"https:\\\/\\\/ksensors.co.kr\\\/wp-content\\\/uploads\\\/2026\\\/01\\\/MLC401L-5.jpg\",\"datePublished\":\"2026-01-29T00:29:39+00:00\",\"dateModified\":\"2026-01-29T00:31:47+00:00\",\"breadcrumb\":{\"@id\":\"https:\\\/\\\/ksensors.co.kr\\\/product\\\/manyyear-mlc401e-compression-force-load-cell-400t\\\/#breadcrumb\"},\"inLanguage\":\"ru-RU\",\"potentialAction\":[{\"@type\":\"ReadAction\",\"target\":[\"https:\\\/\\\/ksensors.co.kr\\\/product\\\/manyyear-mlc401e-compression-force-load-cell-400t\\\/\"]}]},{\"@type\":\"ImageObject\",\"inLanguage\":\"ru-RU\",\"@id\":\"https:\\\/\\\/ksensors.co.kr\\\/product\\\/manyyear-mlc401e-compression-force-load-cell-400t\\\/#primaryimage\",\"url\":\"https:\\\/\\\/ksensors.co.kr\\\/wp-content\\\/uploads\\\/2026\\\/01\\\/MLC401L-5.jpg\",\"contentUrl\":\"https:\\\/\\\/ksensors.co.kr\\\/wp-content\\\/uploads\\\/2026\\\/01\\\/MLC401L-5.jpg\",\"width\":750,\"height\":750},{\"@type\":\"BreadcrumbList\",\"@id\":\"https:\\\/\\\/ksensors.co.kr\\\/product\\\/manyyear-mlc401e-compression-force-load-cell-400t\\\/#breadcrumb\",\"itemListElement\":[{\"@type\":\"ListItem\",\"position\":1,\"name\":\"\ud648\",\"item\":\"https:\\\/\\\/ksensors.co.kr\\\/ru\\\/\"},{\"@type\":\"ListItem\",\"position\":2,\"name\":\"\u041c\u0430\u0433\u0430\u0437\u0438\u043d\",\"item\":\"https:\\\/\\\/ksensors.co.kr\\\/ru\\\/%d0%bc%d0%b0%d0%b3%d0%b0%d0%b7%d0%b8%d0%bd\\\/\"},{\"@type\":\"ListItem\",\"position\":3,\"name\":\"MANYYEAR \\\/ MLC401E Compression force load cell 400T\"}]},{\"@type\":\"WebSite\",\"@id\":\"https:\\\/\\\/ksensors.co.kr\\\/#website\",\"url\":\"https:\\\/\\\/ksensors.co.kr\\\/\",\"name\":\"KSENSORS : \ucf00\uc774\uc13c\uc11c\uc2a4\",\"description\":\"Load cell, torque center, displacement sensor, pressure sensor\",\"publisher\":{\"@id\":\"https:\\\/\\\/ksensors.co.kr\\\/#organization\"},\"alternateName\":\"KSENSORS\",\"potentialAction\":[{\"@type\":\"SearchAction\",\"target\":{\"@type\":\"EntryPoint\",\"urlTemplate\":\"https:\\\/\\\/ksensors.co.kr\\\/?s={search_term_string}\"},\"query-input\":{\"@type\":\"PropertyValueSpecification\",\"valueRequired\":true,\"valueName\":\"search_term_string\"}}],\"inLanguage\":\"ru-RU\"},{\"@type\":\"Organization\",\"@id\":\"https:\\\/\\\/ksensors.co.kr\\\/#organization\",\"name\":\"\ucf00\uc774\uc13c\uc11c\uc2a4\",\"alternateName\":\"KSENSORS\",\"url\":\"https:\\\/\\\/ksensors.co.kr\\\/\",\"logo\":{\"@type\":\"ImageObject\",\"inLanguage\":\"ru-RU\",\"@id\":\"https:\\\/\\\/ksensors.co.kr\\\/#\\\/schema\\\/logo\\\/image\\\/\",\"url\":\"https:\\\/\\\/ksensors.co.kr\\\/wp-content\\\/uploads\\\/2025\\\/05\\\/EMBLEM.png\",\"contentUrl\":\"https:\\\/\\\/ksensors.co.kr\\\/wp-content\\\/uploads\\\/2025\\\/05\\\/EMBLEM.png\",\"width\":1711,\"height\":676,\"caption\":\"\ucf00\uc774\uc13c\uc11c\uc2a4\"},\"image\":{\"@id\":\"https:\\\/\\\/ksensors.co.kr\\\/#\\\/schema\\\/logo\\\/image\\\/\"}}]}<\/script>\n<!-- \/ Yoast SEO Premium plugin. -->","yoast_head_json":{"title":"MANYYEAR \/ MLC401E Compression force load cell 400T - KSENSORS : \ucf00\uc774\uc13c\uc11c\uc2a4","robots":{"index":"index","follow":"follow","max-snippet":"max-snippet:-1","max-image-preview":"max-image-preview:large","max-video-preview":"max-video-preview:-1"},"canonical":"https:\/\/ksensors.co.kr\/product\/manyyear-mlc401e-compression-force-load-cell-400t\/","og_locale":"ru_RU","og_type":"article","og_title":"MANYYEAR \/ MLC401E Compression force load cell 400T","og_description":"MLC401E Hydraulic Press Forging Press Large Range Column Weighing Sensor 300t Model: MLC401E Category: Column weighing sensor Measurement range: 20t, 25t, 30t, 40t, 50t, 60t, 70t, 100t, 150t, 200t, 300t, 400t Size: 76 * 82.6mm; 125 * 142 millimeters; 223 * 250mm Materials: alloy steel, stainless steel Application: Automobile scale, electronic floor scale, hydraulic press, hydraulic press, dynamometer, large-scale weighing sensor","og_url":"https:\/\/ksensors.co.kr\/product\/manyyear-mlc401e-compression-force-load-cell-400t\/","og_site_name":"KSENSORS : \ucf00\uc774\uc13c\uc11c\uc2a4","article_modified_time":"2026-01-29T00:31:47+00:00","og_image":[{"width":750,"height":750,"url":"https:\/\/ksensors.co.kr\/wp-content\/uploads\/2026\/01\/MLC401L-5.jpg","type":"image\/jpeg"}],"twitter_card":"summary_large_image","twitter_misc":{"Est. reading time":"1 \u043c\u0438\u043d\u0443\u0442\u0430"},"schema":{"@context":"https:\/\/schema.org","@graph":[{"@type":"WebPage","@id":"https:\/\/ksensors.co.kr\/product\/manyyear-mlc401e-compression-force-load-cell-400t\/","url":"https:\/\/ksensors.co.kr\/product\/manyyear-mlc401e-compression-force-load-cell-400t\/","name":"MANYYEAR \/ MLC401E Compression force load cell 400T - KSENSORS : \ucf00\uc774\uc13c\uc11c\uc2a4","isPartOf":{"@id":"https:\/\/ksensors.co.kr\/#website"},"primaryImageOfPage":{"@id":"https:\/\/ksensors.co.kr\/product\/manyyear-mlc401e-compression-force-load-cell-400t\/#primaryimage"},"image":{"@id":"https:\/\/ksensors.co.kr\/product\/manyyear-mlc401e-compression-force-load-cell-400t\/#primaryimage"},"thumbnailUrl":"https:\/\/ksensors.co.kr\/wp-content\/uploads\/2026\/01\/MLC401L-5.jpg","datePublished":"2026-01-29T00:29:39+00:00","dateModified":"2026-01-29T00:31:47+00:00","breadcrumb":{"@id":"https:\/\/ksensors.co.kr\/product\/manyyear-mlc401e-compression-force-load-cell-400t\/#breadcrumb"},"inLanguage":"ru-RU","potentialAction":[{"@type":"ReadAction","target":["https:\/\/ksensors.co.kr\/product\/manyyear-mlc401e-compression-force-load-cell-400t\/"]}]},{"@type":"ImageObject","inLanguage":"ru-RU","@id":"https:\/\/ksensors.co.kr\/product\/manyyear-mlc401e-compression-force-load-cell-400t\/#primaryimage","url":"https:\/\/ksensors.co.kr\/wp-content\/uploads\/2026\/01\/MLC401L-5.jpg","contentUrl":"https:\/\/ksensors.co.kr\/wp-content\/uploads\/2026\/01\/MLC401L-5.jpg","width":750,"height":750},{"@type":"BreadcrumbList","@id":"https:\/\/ksensors.co.kr\/product\/manyyear-mlc401e-compression-force-load-cell-400t\/#breadcrumb","itemListElement":[{"@type":"ListItem","position":1,"name":"\ud648","item":"https:\/\/ksensors.co.kr\/ru\/"},{"@type":"ListItem","position":2,"name":"\u041c\u0430\u0433\u0430\u0437\u0438\u043d","item":"https:\/\/ksensors.co.kr\/ru\/%d0%bc%d0%b0%d0%b3%d0%b0%d0%b7%d0%b8%d0%bd\/"},{"@type":"ListItem","position":3,"name":"MANYYEAR \/ MLC401E Compression force load cell 400T"}]},{"@type":"WebSite","@id":"https:\/\/ksensors.co.kr\/#website","url":"https:\/\/ksensors.co.kr\/","name":"KSENSORS : \ucf00\uc774\uc13c\uc11c\uc2a4","description":"Load cell, torque center, displacement sensor, pressure sensor","publisher":{"@id":"https:\/\/ksensors.co.kr\/#organization"},"alternateName":"KSENSORS","potentialAction":[{"@type":"SearchAction","target":{"@type":"EntryPoint","urlTemplate":"https:\/\/ksensors.co.kr\/?s={search_term_string}"},"query-input":{"@type":"PropertyValueSpecification","valueRequired":true,"valueName":"search_term_string"}}],"inLanguage":"ru-RU"},{"@type":"Organization","@id":"https:\/\/ksensors.co.kr\/#organization","name":"\ucf00\uc774\uc13c\uc11c\uc2a4","alternateName":"KSENSORS","url":"https:\/\/ksensors.co.kr\/","logo":{"@type":"ImageObject","inLanguage":"ru-RU","@id":"https:\/\/ksensors.co.kr\/#\/schema\/logo\/image\/","url":"https:\/\/ksensors.co.kr\/wp-content\/uploads\/2025\/05\/EMBLEM.png","contentUrl":"https:\/\/ksensors.co.kr\/wp-content\/uploads\/2025\/05\/EMBLEM.png","width":1711,"height":676,"caption":"\ucf00\uc774\uc13c\uc11c\uc2a4"},"image":{"@id":"https:\/\/ksensors.co.kr\/#\/schema\/logo\/image\/"}}]}},"_links":{"self":[{"href":"https:\/\/ksensors.co.kr\/ru\/wp-json\/wp\/v2\/product\/318557","targetHints":{"allow":["GET"]}}],"collection":[{"href":"https:\/\/ksensors.co.kr\/ru\/wp-json\/wp\/v2\/product"}],"about":[{"href":"https:\/\/ksensors.co.kr\/ru\/wp-json\/wp\/v2\/types\/product"}],"version-history":[{"count":0,"href":"https:\/\/ksensors.co.kr\/ru\/wp-json\/wp\/v2\/product\/318557\/revisions"}],"wp:featuredmedia":[{"embeddable":true,"href":"https:\/\/ksensors.co.kr\/ru\/wp-json\/wp\/v2\/media\/318562"}],"wp:attachment":[{"href":"https:\/\/ksensors.co.kr\/ru\/wp-json\/wp\/v2\/media?parent=318557"}],"wp:term":[{"taxonomy":"product_brand","embeddable":true,"href":"https:\/\/ksensors.co.kr\/ru\/wp-json\/wp\/v2\/product_brand?post=318557"},{"taxonomy":"product_cat","embeddable":true,"href":"https:\/\/ksensors.co.kr\/ru\/wp-json\/wp\/v2\/product_cat?post=318557"},{"taxonomy":"product_tag","embeddable":true,"href":"https:\/\/ksensors.co.kr\/ru\/wp-json\/wp\/v2\/product_tag?post=318557"}],"curies":[{"name":"wp","href":"https:\/\/api.w.org\/{rel}","templated":true}]}}