{"id":317685,"date":"2026-01-28T09:52:47","date_gmt":"2026-01-28T00:52:47","guid":{"rendered":"https:\/\/ksensors.co.kr\/product\/manyyear-mlc113-high-temperature-load-cell-for-steel-embody-scale\/"},"modified":"2026-01-28T09:52:47","modified_gmt":"2026-01-28T00:52:47","slug":"manyyear-mlc113-high-temperature-load-cell-for-steel-embody-scale","status":"publish","type":"product","link":"https:\/\/ksensors.co.kr\/ru\/product\/manyyear-mlc113-high-temperature-load-cell-for-steel-embody-scale\/","title":{"rendered":"MANYYEAR \/ MLC113 high temperature load cell for steel embody scale"},"content":{"rendered":"<h2>MLC113 high temperature load cell for steel embody scale<\/h2>\n<p><img fetchpriority=\"high\" decoding=\"async\" class=\"aligncenter size-full wp-image-317677\" src=\"https:\/\/ksensors.co.kr\/wp-content\/uploads\/2026\/01\/MLC113-2.jpg\" alt=\"\" width=\"533\" height=\"226\" \/><\/p>\n<p><img decoding=\"async\" class=\"aligncenter size-full wp-image-317680\" src=\"https:\/\/ksensors.co.kr\/wp-content\/uploads\/2026\/01\/MLC113-3.jpg\" alt=\"\" width=\"330\" height=\"370\" \/><\/p>\n<table>\n<tbody>\n<tr>\n<td colspan=\"14\" width=\"733\">Other sizes<\/td>\n<\/tr>\n<tr>\n<td width=\"64\">Range<\/td>\n<td width=\"41\">A<\/td>\n<td width=\"52\">B<\/td>\n<td width=\"52\">C<\/td>\n<td width=\"53\">D<\/td>\n<td width=\"53\">E<\/td>\n<td width=\"53\">F<\/td>\n<td width=\"52\">G<\/td>\n<td width=\"53\">H<\/td>\n<td width=\"53\">J<\/td>\n<td width=\"52\">K<\/td>\n<td width=\"52\">D1<\/td>\n<td width=\"52\">D2<\/td>\n<td width=\"52\">D3<\/td>\n<\/tr>\n<tr>\n<td width=\"64\">10t<\/td>\n<td width=\"41\">200<\/td>\n<td width=\"52\">170<\/td>\n<td width=\"52\">90<\/td>\n<td width=\"53\">60<\/td>\n<td width=\"53\">80<\/td>\n<td width=\"53\">60<\/td>\n<td width=\"52\">60<\/td>\n<td width=\"53\">60<\/td>\n<td width=\"53\">50<\/td>\n<td width=\"52\">17.5<\/td>\n<td width=\"52\">26<\/td>\n<td width=\"52\">18<\/td>\n<td width=\"52\">M16<\/td>\n<\/tr>\n<tr>\n<td width=\"64\">20,30t<\/td>\n<td width=\"41\">300<\/td>\n<td width=\"52\">240<\/td>\n<td width=\"52\">110<\/td>\n<td width=\"53\">60<\/td>\n<td width=\"53\">120<\/td>\n<td width=\"53\">70<\/td>\n<td width=\"52\">70<\/td>\n<td width=\"53\">120<\/td>\n<td width=\"53\">115<\/td>\n<td width=\"52\">30.5<\/td>\n<td width=\"52\">43<\/td>\n<td width=\"52\">26<\/td>\n<td width=\"52\">M24<\/td>\n<\/tr>\n<tr>\n<td width=\"64\">40.50t<\/td>\n<td width=\"41\">300<\/td>\n<td width=\"52\">240<\/td>\n<td width=\"52\">110<\/td>\n<td width=\"53\">60<\/td>\n<td width=\"53\">150<\/td>\n<td width=\"53\">70<\/td>\n<td width=\"52\">80<\/td>\n<td width=\"53\">120<\/td>\n<td width=\"53\">115<\/td>\n<td width=\"52\">30.5<\/td>\n<td width=\"52\">43<\/td>\n<td width=\"52\">26<\/td>\n<td width=\"52\">M24<\/td>\n<\/tr>\n<\/tbody>\n<\/table>\n<table>\n<tbody>\n<tr>\n<td colspan=\"4\" width=\"733\">Technical specifications<\/td>\n<\/tr>\n<tr>\n<td width=\"183\">Comprehensive error<\/td>\n<td width=\"184\">0.2%FS<\/td>\n<td width=\"183\">Output resistance<\/td>\n<td width=\"183\">750\u00b15\u03a9<\/td>\n<\/tr>\n<tr>\n<td width=\"183\">Rated output<\/td>\n<td width=\"184\">2\u00b10.005 mv\/v<\/td>\n<td width=\"183\">Insulation resistance<\/td>\n<td width=\"183\">\u22655000M\u03a9(100VDC)<\/td>\n<\/tr>\n<tr>\n<td width=\"183\">Nonlinear<\/td>\n<td width=\"184\">0.05%FS<\/td>\n<td width=\"183\">Operating voltage<\/td>\n<td width=\"183\">9~12VDC<\/td>\n<\/tr>\n<tr>\n<td width=\"183\">Hysteresis<\/td>\n<td width=\"184\">0.05%FS<\/td>\n<td width=\"183\">Compensation temperature<\/td>\n<td width=\"183\">-10~+40\u2103<\/td>\n<\/tr>\n<tr>\n<td width=\"183\">Repeatability<\/td>\n<td width=\"184\">0.03%FS<\/td>\n<td width=\"183\">Operating temperature<\/td>\n<td width=\"183\">-20~+55\u2103 \/ -20~+250\u2103<\/td>\n<\/tr>\n<tr>\n<td width=\"183\">Creep<\/td>\n<td width=\"184\">0.03%FS\/10MIN<\/td>\n<td width=\"183\">Effect of Temp. on zero point:<\/td>\n<td width=\"183\">0.05%FS\/10\u2103<\/td>\n<\/tr>\n<tr>\n<td width=\"183\">Zero output<\/td>\n<td width=\"184\">\u00b11%FS<\/td>\n<td width=\"183\">Effect of Temp. on sensitivity:<\/td>\n<td width=\"183\">0.05%FS\/10\u2103<\/td>\n<\/tr>\n<tr>\n<td width=\"183\">Input resistance<\/td>\n<td width=\"184\">750\u00b110\u03a9<\/td>\n<td width=\"183\">Protection level<\/td>\n<td width=\"183\">IP66 &amp; IP68<\/td>\n<\/tr>\n<\/tbody>\n<\/table>\n","protected":false},"excerpt":{"rendered":"<h2 id=\"toc_1\" class=\"toc-index\">high temperature load cell,\u00a0steel embody scale load cell, ladle scale weight sensor<\/h2>\n<p>The MLC113 bridge load cell is specially designed for ladle scales, high-temperature weighing and steel embody scale applications. It offers load ranges from 10t to 50t and is available in three dimensions: 200\u00d780\u00d760mm, 300\u00d7120\u00d7120mm and 300\u00d7150\u00d7120mm, suitable for various installation spaces. Constructed from alloy steel or stainless steel, it features excellent high-temperature resistance, shock resistance, corrosion resistance and long-term stability. It can accurately withstand high-temperature heavy-duty weighing loads, meeting the stringent operating requirements of the metallurgical industry, making it a core force-measuring component for high-temperature heavy-duty weighing systems.<\/p>\n<p>Model: MLC113<br \/>\nCategory: Bridge Load Cell<br \/>\nLoad range: 10t, 20t, 30t, 40t, 50t<br \/>\nDimension:200*80*60\/300*120*120\/300*150*120mm<br \/>\nMaterial: alloy steel, stainless steel<br \/>\nCharacteristic: steel embody scale load cell, high temperature load cell, ladle scale weight sensor<\/p>\n","protected":false},"featured_media":317676,"template":"","meta":[],"product_brand":[2674],"product_cat":[2361],"product_tag":[2364,2677],"class_list":{"0":"post-317685","1":"product","2":"type-product","3":"status-publish","4":"has-post-thumbnail","6":"product_brand-manyyear-ru","7":"product_cat---ru","8":"product_tag---ru","11":"first","12":"instock","13":"taxable","14":"shipping-taxable","15":"product-type-simple"},"yoast_head":"<!-- This site is optimized with the Yoast SEO Premium plugin v27.4 (Yoast SEO v27.4) - https:\/\/yoast.com\/product\/yoast-seo-premium-wordpress\/ -->\n<title>MANYYEAR \/ MLC113 high temperature load cell for steel embody scale - KSENSORS : \ucf00\uc774\uc13c\uc11c\uc2a4<\/title>\n<meta name=\"robots\" content=\"index, follow, max-snippet:-1, max-image-preview:large, max-video-preview:-1\" \/>\n<link rel=\"canonical\" href=\"https:\/\/ksensors.co.kr\/product\/manyyear-mlc113-high-temperature-load-cell-for-steel-embody-scale\/\" \/>\n<meta property=\"og:locale\" content=\"ru_RU\" \/>\n<meta property=\"og:type\" content=\"article\" \/>\n<meta property=\"og:title\" content=\"MANYYEAR \/ MLC113 high temperature load cell for steel embody scale\" \/>\n<meta property=\"og:description\" content=\"high temperature load cell,\u00a0steel embody scale load cell, ladle scale weight sensor The MLC113 bridge load cell is specially designed for ladle scales, high-temperature weighing and steel embody scale applications. It offers load ranges from 10t to 50t and is available in three dimensions: 200\u00d780\u00d760mm, 300\u00d7120\u00d7120mm and 300\u00d7150\u00d7120mm, suitable for various installation spaces. Constructed from alloy steel or stainless steel, it features excellent high-temperature resistance, shock resistance, corrosion resistance and long-term stability. It can accurately withstand high-temperature heavy-duty weighing loads, meeting the stringent operating requirements of the metallurgical industry, making it a core force-measuring component for high-temperature heavy-duty weighing systems.  Model: MLC113 Category: Bridge Load Cell Load range: 10t, 20t, 30t, 40t, 50t Dimension:200*80*60\/300*120*120\/300*150*120mm Material: alloy steel, stainless steel Characteristic: steel embody scale load cell, high temperature load cell, ladle scale weight sensor\" \/>\n<meta property=\"og:url\" content=\"https:\/\/ksensors.co.kr\/product\/manyyear-mlc113-high-temperature-load-cell-for-steel-embody-scale\/\" \/>\n<meta property=\"og:site_name\" content=\"KSENSORS : \ucf00\uc774\uc13c\uc11c\uc2a4\" \/>\n<meta property=\"og:image\" content=\"https:\/\/ksensors.co.kr\/wp-content\/uploads\/2026\/01\/MLC113.jpg\" \/>\n\t<meta property=\"og:image:width\" content=\"367\" \/>\n\t<meta property=\"og:image:height\" content=\"312\" \/>\n\t<meta property=\"og:image:type\" content=\"image\/jpeg\" \/>\n<meta name=\"twitter:card\" content=\"summary_large_image\" \/>\n<script type=\"application\/ld+json\" class=\"yoast-schema-graph\">{\"@context\":\"https:\\\/\\\/schema.org\",\"@graph\":[{\"@type\":\"WebPage\",\"@id\":\"https:\\\/\\\/ksensors.co.kr\\\/product\\\/manyyear-mlc113-high-temperature-load-cell-for-steel-embody-scale\\\/\",\"url\":\"https:\\\/\\\/ksensors.co.kr\\\/product\\\/manyyear-mlc113-high-temperature-load-cell-for-steel-embody-scale\\\/\",\"name\":\"MANYYEAR \\\/ MLC113 high temperature load cell for steel embody scale - KSENSORS : \ucf00\uc774\uc13c\uc11c\uc2a4\",\"isPartOf\":{\"@id\":\"https:\\\/\\\/ksensors.co.kr\\\/#website\"},\"primaryImageOfPage\":{\"@id\":\"https:\\\/\\\/ksensors.co.kr\\\/product\\\/manyyear-mlc113-high-temperature-load-cell-for-steel-embody-scale\\\/#primaryimage\"},\"image\":{\"@id\":\"https:\\\/\\\/ksensors.co.kr\\\/product\\\/manyyear-mlc113-high-temperature-load-cell-for-steel-embody-scale\\\/#primaryimage\"},\"thumbnailUrl\":\"https:\\\/\\\/ksensors.co.kr\\\/wp-content\\\/uploads\\\/2026\\\/01\\\/MLC113.jpg\",\"datePublished\":\"2026-01-28T00:52:47+00:00\",\"breadcrumb\":{\"@id\":\"https:\\\/\\\/ksensors.co.kr\\\/product\\\/manyyear-mlc113-high-temperature-load-cell-for-steel-embody-scale\\\/#breadcrumb\"},\"inLanguage\":\"ru-RU\",\"potentialAction\":[{\"@type\":\"ReadAction\",\"target\":[\"https:\\\/\\\/ksensors.co.kr\\\/product\\\/manyyear-mlc113-high-temperature-load-cell-for-steel-embody-scale\\\/\"]}]},{\"@type\":\"ImageObject\",\"inLanguage\":\"ru-RU\",\"@id\":\"https:\\\/\\\/ksensors.co.kr\\\/product\\\/manyyear-mlc113-high-temperature-load-cell-for-steel-embody-scale\\\/#primaryimage\",\"url\":\"https:\\\/\\\/ksensors.co.kr\\\/wp-content\\\/uploads\\\/2026\\\/01\\\/MLC113.jpg\",\"contentUrl\":\"https:\\\/\\\/ksensors.co.kr\\\/wp-content\\\/uploads\\\/2026\\\/01\\\/MLC113.jpg\",\"width\":367,\"height\":312},{\"@type\":\"BreadcrumbList\",\"@id\":\"https:\\\/\\\/ksensors.co.kr\\\/product\\\/manyyear-mlc113-high-temperature-load-cell-for-steel-embody-scale\\\/#breadcrumb\",\"itemListElement\":[{\"@type\":\"ListItem\",\"position\":1,\"name\":\"\ud648\",\"item\":\"https:\\\/\\\/ksensors.co.kr\\\/ru\\\/\"},{\"@type\":\"ListItem\",\"position\":2,\"name\":\"\u041c\u0430\u0433\u0430\u0437\u0438\u043d\",\"item\":\"https:\\\/\\\/ksensors.co.kr\\\/ru\\\/%d0%bc%d0%b0%d0%b3%d0%b0%d0%b7%d0%b8%d0%bd\\\/\"},{\"@type\":\"ListItem\",\"position\":3,\"name\":\"MANYYEAR \\\/ MLC113 high temperature load cell for steel embody scale\"}]},{\"@type\":\"WebSite\",\"@id\":\"https:\\\/\\\/ksensors.co.kr\\\/#website\",\"url\":\"https:\\\/\\\/ksensors.co.kr\\\/\",\"name\":\"KSENSORS : \ucf00\uc774\uc13c\uc11c\uc2a4\",\"description\":\"Load cell, torque center, displacement sensor, pressure sensor\",\"publisher\":{\"@id\":\"https:\\\/\\\/ksensors.co.kr\\\/#organization\"},\"alternateName\":\"KSENSORS\",\"potentialAction\":[{\"@type\":\"SearchAction\",\"target\":{\"@type\":\"EntryPoint\",\"urlTemplate\":\"https:\\\/\\\/ksensors.co.kr\\\/?s={search_term_string}\"},\"query-input\":{\"@type\":\"PropertyValueSpecification\",\"valueRequired\":true,\"valueName\":\"search_term_string\"}}],\"inLanguage\":\"ru-RU\"},{\"@type\":\"Organization\",\"@id\":\"https:\\\/\\\/ksensors.co.kr\\\/#organization\",\"name\":\"\ucf00\uc774\uc13c\uc11c\uc2a4\",\"alternateName\":\"KSENSORS\",\"url\":\"https:\\\/\\\/ksensors.co.kr\\\/\",\"logo\":{\"@type\":\"ImageObject\",\"inLanguage\":\"ru-RU\",\"@id\":\"https:\\\/\\\/ksensors.co.kr\\\/#\\\/schema\\\/logo\\\/image\\\/\",\"url\":\"https:\\\/\\\/ksensors.co.kr\\\/wp-content\\\/uploads\\\/2025\\\/05\\\/EMBLEM.png\",\"contentUrl\":\"https:\\\/\\\/ksensors.co.kr\\\/wp-content\\\/uploads\\\/2025\\\/05\\\/EMBLEM.png\",\"width\":1711,\"height\":676,\"caption\":\"\ucf00\uc774\uc13c\uc11c\uc2a4\"},\"image\":{\"@id\":\"https:\\\/\\\/ksensors.co.kr\\\/#\\\/schema\\\/logo\\\/image\\\/\"}}]}<\/script>\n<!-- \/ Yoast SEO Premium plugin. -->","yoast_head_json":{"title":"MANYYEAR \/ MLC113 high temperature load cell for steel embody scale - KSENSORS : \ucf00\uc774\uc13c\uc11c\uc2a4","robots":{"index":"index","follow":"follow","max-snippet":"max-snippet:-1","max-image-preview":"max-image-preview:large","max-video-preview":"max-video-preview:-1"},"canonical":"https:\/\/ksensors.co.kr\/product\/manyyear-mlc113-high-temperature-load-cell-for-steel-embody-scale\/","og_locale":"ru_RU","og_type":"article","og_title":"MANYYEAR \/ MLC113 high temperature load cell for steel embody scale","og_description":"high temperature load cell,\u00a0steel embody scale load cell, ladle scale weight sensor The MLC113 bridge load cell is specially designed for ladle scales, high-temperature weighing and steel embody scale applications. It offers load ranges from 10t to 50t and is available in three dimensions: 200\u00d780\u00d760mm, 300\u00d7120\u00d7120mm and 300\u00d7150\u00d7120mm, suitable for various installation spaces. Constructed from alloy steel or stainless steel, it features excellent high-temperature resistance, shock resistance, corrosion resistance and long-term stability. It can accurately withstand high-temperature heavy-duty weighing loads, meeting the stringent operating requirements of the metallurgical industry, making it a core force-measuring component for high-temperature heavy-duty weighing systems.  Model: MLC113 Category: Bridge Load Cell Load range: 10t, 20t, 30t, 40t, 50t Dimension:200*80*60\/300*120*120\/300*150*120mm Material: alloy steel, stainless steel Characteristic: steel embody scale load cell, high temperature load cell, ladle scale weight sensor","og_url":"https:\/\/ksensors.co.kr\/product\/manyyear-mlc113-high-temperature-load-cell-for-steel-embody-scale\/","og_site_name":"KSENSORS : \ucf00\uc774\uc13c\uc11c\uc2a4","og_image":[{"width":367,"height":312,"url":"https:\/\/ksensors.co.kr\/wp-content\/uploads\/2026\/01\/MLC113.jpg","type":"image\/jpeg"}],"twitter_card":"summary_large_image","schema":{"@context":"https:\/\/schema.org","@graph":[{"@type":"WebPage","@id":"https:\/\/ksensors.co.kr\/product\/manyyear-mlc113-high-temperature-load-cell-for-steel-embody-scale\/","url":"https:\/\/ksensors.co.kr\/product\/manyyear-mlc113-high-temperature-load-cell-for-steel-embody-scale\/","name":"MANYYEAR \/ MLC113 high temperature load cell for steel embody scale - KSENSORS : \ucf00\uc774\uc13c\uc11c\uc2a4","isPartOf":{"@id":"https:\/\/ksensors.co.kr\/#website"},"primaryImageOfPage":{"@id":"https:\/\/ksensors.co.kr\/product\/manyyear-mlc113-high-temperature-load-cell-for-steel-embody-scale\/#primaryimage"},"image":{"@id":"https:\/\/ksensors.co.kr\/product\/manyyear-mlc113-high-temperature-load-cell-for-steel-embody-scale\/#primaryimage"},"thumbnailUrl":"https:\/\/ksensors.co.kr\/wp-content\/uploads\/2026\/01\/MLC113.jpg","datePublished":"2026-01-28T00:52:47+00:00","breadcrumb":{"@id":"https:\/\/ksensors.co.kr\/product\/manyyear-mlc113-high-temperature-load-cell-for-steel-embody-scale\/#breadcrumb"},"inLanguage":"ru-RU","potentialAction":[{"@type":"ReadAction","target":["https:\/\/ksensors.co.kr\/product\/manyyear-mlc113-high-temperature-load-cell-for-steel-embody-scale\/"]}]},{"@type":"ImageObject","inLanguage":"ru-RU","@id":"https:\/\/ksensors.co.kr\/product\/manyyear-mlc113-high-temperature-load-cell-for-steel-embody-scale\/#primaryimage","url":"https:\/\/ksensors.co.kr\/wp-content\/uploads\/2026\/01\/MLC113.jpg","contentUrl":"https:\/\/ksensors.co.kr\/wp-content\/uploads\/2026\/01\/MLC113.jpg","width":367,"height":312},{"@type":"BreadcrumbList","@id":"https:\/\/ksensors.co.kr\/product\/manyyear-mlc113-high-temperature-load-cell-for-steel-embody-scale\/#breadcrumb","itemListElement":[{"@type":"ListItem","position":1,"name":"\ud648","item":"https:\/\/ksensors.co.kr\/ru\/"},{"@type":"ListItem","position":2,"name":"\u041c\u0430\u0433\u0430\u0437\u0438\u043d","item":"https:\/\/ksensors.co.kr\/ru\/%d0%bc%d0%b0%d0%b3%d0%b0%d0%b7%d0%b8%d0%bd\/"},{"@type":"ListItem","position":3,"name":"MANYYEAR \/ MLC113 high temperature load cell for steel embody scale"}]},{"@type":"WebSite","@id":"https:\/\/ksensors.co.kr\/#website","url":"https:\/\/ksensors.co.kr\/","name":"KSENSORS : \ucf00\uc774\uc13c\uc11c\uc2a4","description":"Load cell, torque center, displacement sensor, pressure sensor","publisher":{"@id":"https:\/\/ksensors.co.kr\/#organization"},"alternateName":"KSENSORS","potentialAction":[{"@type":"SearchAction","target":{"@type":"EntryPoint","urlTemplate":"https:\/\/ksensors.co.kr\/?s={search_term_string}"},"query-input":{"@type":"PropertyValueSpecification","valueRequired":true,"valueName":"search_term_string"}}],"inLanguage":"ru-RU"},{"@type":"Organization","@id":"https:\/\/ksensors.co.kr\/#organization","name":"\ucf00\uc774\uc13c\uc11c\uc2a4","alternateName":"KSENSORS","url":"https:\/\/ksensors.co.kr\/","logo":{"@type":"ImageObject","inLanguage":"ru-RU","@id":"https:\/\/ksensors.co.kr\/#\/schema\/logo\/image\/","url":"https:\/\/ksensors.co.kr\/wp-content\/uploads\/2025\/05\/EMBLEM.png","contentUrl":"https:\/\/ksensors.co.kr\/wp-content\/uploads\/2025\/05\/EMBLEM.png","width":1711,"height":676,"caption":"\ucf00\uc774\uc13c\uc11c\uc2a4"},"image":{"@id":"https:\/\/ksensors.co.kr\/#\/schema\/logo\/image\/"}}]}},"_links":{"self":[{"href":"https:\/\/ksensors.co.kr\/ru\/wp-json\/wp\/v2\/product\/317685","targetHints":{"allow":["GET"]}}],"collection":[{"href":"https:\/\/ksensors.co.kr\/ru\/wp-json\/wp\/v2\/product"}],"about":[{"href":"https:\/\/ksensors.co.kr\/ru\/wp-json\/wp\/v2\/types\/product"}],"version-history":[{"count":0,"href":"https:\/\/ksensors.co.kr\/ru\/wp-json\/wp\/v2\/product\/317685\/revisions"}],"wp:featuredmedia":[{"embeddable":true,"href":"https:\/\/ksensors.co.kr\/ru\/wp-json\/wp\/v2\/media\/317676"}],"wp:attachment":[{"href":"https:\/\/ksensors.co.kr\/ru\/wp-json\/wp\/v2\/media?parent=317685"}],"wp:term":[{"taxonomy":"product_brand","embeddable":true,"href":"https:\/\/ksensors.co.kr\/ru\/wp-json\/wp\/v2\/product_brand?post=317685"},{"taxonomy":"product_cat","embeddable":true,"href":"https:\/\/ksensors.co.kr\/ru\/wp-json\/wp\/v2\/product_cat?post=317685"},{"taxonomy":"product_tag","embeddable":true,"href":"https:\/\/ksensors.co.kr\/ru\/wp-json\/wp\/v2\/product_tag?post=317685"}],"curies":[{"name":"wp","href":"https:\/\/api.w.org\/{rel}","templated":true}]}}