{"id":306782,"date":"2026-01-05T09:13:07","date_gmt":"2026-01-05T00:13:07","guid":{"rendered":"https:\/\/ksensors.co.kr\/product\/saintbond-lcx3045-multi-component-load-cells-three-multi-dimensional-force-sensor\/"},"modified":"2026-01-05T09:13:07","modified_gmt":"2026-01-05T00:13:07","slug":"saintbond-lcx3045-multi-component-load-cells-three-multi-dimensional-force-sensor","status":"publish","type":"product","link":"https:\/\/ksensors.co.kr\/ru\/product\/saintbond-lcx3045-multi-component-load-cells-three-multi-dimensional-force-sensor\/","title":{"rendered":"SAINTBOND \/ LCX3045 Multi Component Load Cells Three Multi-dimensional Force Sensor"},"content":{"rendered":"<h1 class=\"this-description-name\">LCX3045 Multi Component Load Cells Three Multi-dimensional Force Sensor<\/h1>\n<p><strong><a>Product Description<\/a><\/strong><\/p>\n<div class=\"detial-cont-tabscont\">\n<div class=\"fix prodDesc\">\n<div class=\"prodDetail-editor-container \">\n<p><img decoding=\"async\" class=\" lazyloaded\" title=\"\u56fe\u72471\" src=\"https:\/\/ksensors.co.kr\/wp-content\/uploads\/2026\/01\/82_tupian1.png\" alt=\"\u56fe\u72471\" data-original=\"\/\/ilrorwxhklojlp5p.ldycdn.com\/cloud\/lrBpoKmlliSRnjllqojoip\/tupian1.png\" \/><\/p>\n<p><strong>Product Introduction:<\/strong><\/p>\n<p>\u25ceMaterial: alloy steel;<\/p>\n<p>\u25ceMeasuring range fxyz: 500kN;<\/p>\n<p>\u25ceAccuracy: 0.5%;<\/p>\n<p>\u25ceOutput signal: 1.0mV\/V;<\/p>\n<p><strong>Dimension<\/strong><strong>:<\/strong><\/p>\n<p><img decoding=\"async\" class=\" lazyloaded\" title=\"\u56fe\u72472\" src=\"https:\/\/ksensors.co.kr\/wp-content\/uploads\/2026\/01\/82_tupian2-646x800.png\" alt=\"\u56fe\u72472\" data-original=\"\/\/ilrorwxhklojlp5p.ldycdn.com\/cloud\/liBpoKmlliSRnjllqokoip\/tupian2.png\" \/><\/p>\n<p><strong>T<\/strong><strong>echnical Parameter<\/strong><strong>\uff1a<\/strong><\/p>\n<div class=\"sliderTable mt10 mb10 sliderTable-index0 change-to-org\">\n<div class=\"inner\">\n<table width=\"554\">\n<tbody>\n<tr class=\"firstRow\">\n<td valign=\"center\" width=\"136\">Parameter<\/td>\n<td valign=\"center\" width=\"138\">Reference Value<\/td>\n<td valign=\"center\" width=\"141\">Parameter<\/td>\n<td valign=\"center\" width=\"140\">Reference Value<\/td>\n<\/tr>\n<tr>\n<td valign=\"center\" width=\"136\">Material<\/td>\n<td valign=\"center\" width=\"138\">Alloy Steel<\/td>\n<td valign=\"center\" width=\"141\">Cable length<\/td>\n<td valign=\"center\" width=\"140\">5m<\/td>\n<\/tr>\n<tr>\n<td valign=\"center\" width=\"136\">Length\u00d7width\u00d7height<\/td>\n<td valign=\"center\" width=\"138\">400\u00d7400\u00d7100mm<\/td>\n<td valign=\"center\" width=\"141\">Accuracy class<\/td>\n<td valign=\"center\" width=\"140\">0.5%FS<\/td>\n<\/tr>\n<tr>\n<td valign=\"center\" width=\"136\">Range XYZ axis<\/td>\n<td valign=\"center\" width=\"138\">500kN<\/td>\n<td valign=\"center\" width=\"141\">Linear error<\/td>\n<td valign=\"center\" width=\"140\">0.2%FS<\/td>\n<\/tr>\n<tr>\n<td valign=\"center\" width=\"136\">Safety overload<\/td>\n<td valign=\"center\" width=\"138\">150%FS<\/td>\n<td valign=\"center\" width=\"141\">Hysteresis<\/td>\n<td valign=\"center\" width=\"140\">0.02%FS<\/td>\n<\/tr>\n<tr>\n<td valign=\"center\" width=\"136\">Sensitivity output<\/td>\n<td valign=\"center\" width=\"138\">1.0 mV\/V<\/td>\n<td valign=\"center\" width=\"141\">Zero temp. shift<\/td>\n<td valign=\"center\" width=\"140\">0.02%FS\/K<\/td>\n<\/tr>\n<tr>\n<td valign=\"center\" width=\"136\">Zero output<\/td>\n<td valign=\"center\" width=\"138\">0.05mV\/V<\/td>\n<td valign=\"center\" width=\"141\">Full scale temp. shift<\/td>\n<td valign=\"center\" width=\"140\">0.02%RD\/K<\/td>\n<\/tr>\n<tr>\n<td valign=\"center\" width=\"136\">Excitation voltage Max<\/td>\n<td valign=\"center\" width=\"138\">10V<\/td>\n<td valign=\"center\" width=\"141\">Creep<\/td>\n<td valign=\"center\" width=\"140\">0.1%FS<\/td>\n<\/tr>\n<tr>\n<td valign=\"center\" width=\"136\">Input resistance<\/td>\n<td valign=\"center\" width=\"138\">350\u00b15\u03a9<\/td>\n<td valign=\"center\" width=\"141\">Operating temp. range<\/td>\n<td valign=\"center\" width=\"140\">-10&#8230;+85\u2103<\/td>\n<\/tr>\n<tr>\n<td valign=\"center\" width=\"136\">Output resistance<\/td>\n<td valign=\"center\" width=\"138\">350\u00b15\u03a9<\/td>\n<td valign=\"center\" width=\"141\">Protection level<\/td>\n<td valign=\"center\" width=\"140\">IP67<\/td>\n<\/tr>\n<tr>\n<td valign=\"center\" width=\"136\">Insulation Resistance<\/td>\n<td valign=\"center\" width=\"138\">5\u03a9<\/td>\n<td valign=\"center\" width=\"141\"><\/td>\n<td valign=\"center\" width=\"140\"><\/td>\n<\/tr>\n<\/tbody>\n<\/table>\n<\/div>\n<\/div>\n<p>&nbsp;<\/p>\n<div class=\"sliderTable mt10 mb10 sliderTable-index1 change-to-org\">\n<div class=\"inner\">\n<table width=\"882\">\n<tbody>\n<tr class=\"firstRow\">\n<td valign=\"top\" width=\"161\">Product name<\/td>\n<td valign=\"top\" width=\"678\">LCX3045 Multi Component Load Cells Three Multi-dimensional Force Sensor<\/td>\n<\/tr>\n<tr>\n<td valign=\"top\" width=\"161\">Brand<\/td>\n<td valign=\"top\" width=\"678\">SAINTBOND<\/td>\n<\/tr>\n<tr>\n<td valign=\"top\" width=\"161\">Market<\/td>\n<td valign=\"top\" width=\"678\">All over the world<\/td>\n<\/tr>\n<tr>\n<td valign=\"top\" width=\"161\">Features<\/td>\n<td valign=\"top\" width=\"678\">High precision and stable performance<\/td>\n<\/tr>\n<tr>\n<td valign=\"top\" width=\"161\">Advantage<\/td>\n<td valign=\"top\" width=\"678\">0EM\/ODM<\/td>\n<\/tr>\n<tr>\n<td valign=\"top\" width=\"161\">Sample Lead Time<\/td>\n<td valign=\"top\" width=\"678\">5~ 40Days<\/td>\n<\/tr>\n<tr>\n<td valign=\"top\" width=\"161\">Sample price<\/td>\n<td valign=\"top\" width=\"678\">The price is different according to product capacity<\/td>\n<\/tr>\n<tr>\n<td valign=\"top\" width=\"161\">Custom Design<\/td>\n<td valign=\"top\" width=\"678\">Welcome<\/td>\n<\/tr>\n<tr>\n<td valign=\"top\" width=\"161\">Form of sale<\/td>\n<td valign=\"top\" width=\"678\">Factory supply<\/td>\n<\/tr>\n<\/tbody>\n<\/table>\n<\/div>\n<\/div>\n<\/div>\n<\/div>\n<\/div>\n<div class=\"detial-cont-tabscont\">\n<div class=\"fix prodDesc\">\n<div class=\"prodDetail-editor-container \">\n<div class=\"sliderTable mt10 mb10 sliderTable-index1 change-to-org\"><\/div>\n<\/div>\n<\/div>\n<\/div>\n","protected":false},"excerpt":{"rendered":"<p>LCX3045 Multi Component Load Cells Three Multi-dimensional Force Sensor Product Description Product Introduction: \u25ceMaterial: alloy steel; \u25ceMeasuring range fxyz: 500kN; \u25ceAccuracy: 0.5%; \u25ceOutput signal: 1.0mV\/V; Dimension: Technical Parameter\uff1a Parameter Reference Value Parameter Reference Value Material Alloy Steel Cable length 5m Length\u00d7width\u00d7height 400\u00d7400\u00d7100mm Accuracy class 0.5%FS Range XYZ axis 500kN Linear error 0.2%FS Safety overload 150%FS [&hellip;]<\/p>\n","protected":false},"featured_media":306770,"template":"","meta":[],"product_brand":[2472],"product_cat":[420],"product_tag":[723],"class_list":{"0":"post-306782","1":"product","2":"type-product","3":"status-publish","4":"has-post-thumbnail","6":"product_brand-saintbond-2-ru","7":"product_cat---f-t-","8":"product_tag-3--","10":"first","11":"instock","12":"taxable","13":"shipping-taxable","14":"product-type-simple"},"yoast_head":"<!-- This site is optimized with the Yoast SEO Premium plugin v27.4 (Yoast SEO v27.4) - https:\/\/yoast.com\/product\/yoast-seo-premium-wordpress\/ -->\n<title>SAINTBOND \/ LCX3045 Multi Component Load Cells Three Multi-dimensional Force Sensor - KSENSORS : \ucf00\uc774\uc13c\uc11c\uc2a4<\/title>\n<meta name=\"robots\" content=\"index, follow, max-snippet:-1, max-image-preview:large, max-video-preview:-1\" \/>\n<link rel=\"canonical\" href=\"https:\/\/ksensors.co.kr\/product\/saintbond-lcx3045-multi-component-load-cells-three-multi-dimensional-force-sensor\/\" \/>\n<meta property=\"og:locale\" content=\"ru_RU\" \/>\n<meta property=\"og:type\" content=\"article\" \/>\n<meta property=\"og:title\" content=\"SAINTBOND \/ LCX3045 Multi Component Load Cells Three Multi-dimensional Force Sensor\" \/>\n<meta property=\"og:description\" content=\"LCX3045 Multi Component Load Cells Three Multi-dimensional Force Sensor Product Description Product Introduction: \u25ceMaterial: alloy steel; \u25ceMeasuring range fxyz: 500kN; \u25ceAccuracy: 0.5%; \u25ceOutput signal: 1.0mV\/V; Dimension: Technical Parameter\uff1a Parameter Reference Value Parameter Reference Value Material Alloy Steel Cable length 5m Length\u00d7width\u00d7height 400\u00d7400\u00d7100mm Accuracy class 0.5%FS Range XYZ axis 500kN Linear error 0.2%FS Safety overload 150%FS [&hellip;]\" \/>\n<meta property=\"og:url\" content=\"https:\/\/ksensors.co.kr\/product\/saintbond-lcx3045-multi-component-load-cells-three-multi-dimensional-force-sensor\/\" \/>\n<meta property=\"og:site_name\" content=\"KSENSORS : \ucf00\uc774\uc13c\uc11c\uc2a4\" \/>\n<meta property=\"og:image\" content=\"https:\/\/ksensors.co.kr\/wp-content\/uploads\/2026\/01\/LCX3045.webp\" \/>\n\t<meta property=\"og:image:width\" content=\"750\" \/>\n\t<meta property=\"og:image:height\" content=\"750\" \/>\n\t<meta property=\"og:image:type\" content=\"image\/webp\" \/>\n<meta name=\"twitter:card\" content=\"summary_large_image\" \/>\n<meta name=\"twitter:label1\" content=\"Est. reading time\" \/>\n\t<meta name=\"twitter:data1\" content=\"1 \u043c\u0438\u043d\u0443\u0442\u0430\" \/>\n<script type=\"application\/ld+json\" class=\"yoast-schema-graph\">{\"@context\":\"https:\\\/\\\/schema.org\",\"@graph\":[{\"@type\":\"WebPage\",\"@id\":\"https:\\\/\\\/ksensors.co.kr\\\/product\\\/saintbond-lcx3045-multi-component-load-cells-three-multi-dimensional-force-sensor\\\/\",\"url\":\"https:\\\/\\\/ksensors.co.kr\\\/product\\\/saintbond-lcx3045-multi-component-load-cells-three-multi-dimensional-force-sensor\\\/\",\"name\":\"SAINTBOND \\\/ LCX3045 Multi Component Load Cells Three Multi-dimensional Force Sensor - KSENSORS : \ucf00\uc774\uc13c\uc11c\uc2a4\",\"isPartOf\":{\"@id\":\"https:\\\/\\\/ksensors.co.kr\\\/#website\"},\"primaryImageOfPage\":{\"@id\":\"https:\\\/\\\/ksensors.co.kr\\\/product\\\/saintbond-lcx3045-multi-component-load-cells-three-multi-dimensional-force-sensor\\\/#primaryimage\"},\"image\":{\"@id\":\"https:\\\/\\\/ksensors.co.kr\\\/product\\\/saintbond-lcx3045-multi-component-load-cells-three-multi-dimensional-force-sensor\\\/#primaryimage\"},\"thumbnailUrl\":\"https:\\\/\\\/ksensors.co.kr\\\/wp-content\\\/uploads\\\/2026\\\/01\\\/LCX3045.webp\",\"datePublished\":\"2026-01-05T00:13:07+00:00\",\"breadcrumb\":{\"@id\":\"https:\\\/\\\/ksensors.co.kr\\\/product\\\/saintbond-lcx3045-multi-component-load-cells-three-multi-dimensional-force-sensor\\\/#breadcrumb\"},\"inLanguage\":\"ru-RU\",\"potentialAction\":[{\"@type\":\"ReadAction\",\"target\":[\"https:\\\/\\\/ksensors.co.kr\\\/product\\\/saintbond-lcx3045-multi-component-load-cells-three-multi-dimensional-force-sensor\\\/\"]}]},{\"@type\":\"ImageObject\",\"inLanguage\":\"ru-RU\",\"@id\":\"https:\\\/\\\/ksensors.co.kr\\\/product\\\/saintbond-lcx3045-multi-component-load-cells-three-multi-dimensional-force-sensor\\\/#primaryimage\",\"url\":\"https:\\\/\\\/ksensors.co.kr\\\/wp-content\\\/uploads\\\/2026\\\/01\\\/LCX3045.webp\",\"contentUrl\":\"https:\\\/\\\/ksensors.co.kr\\\/wp-content\\\/uploads\\\/2026\\\/01\\\/LCX3045.webp\",\"width\":750,\"height\":750},{\"@type\":\"BreadcrumbList\",\"@id\":\"https:\\\/\\\/ksensors.co.kr\\\/product\\\/saintbond-lcx3045-multi-component-load-cells-three-multi-dimensional-force-sensor\\\/#breadcrumb\",\"itemListElement\":[{\"@type\":\"ListItem\",\"position\":1,\"name\":\"\ud648\",\"item\":\"https:\\\/\\\/ksensors.co.kr\\\/ru\\\/\"},{\"@type\":\"ListItem\",\"position\":2,\"name\":\"\u041c\u0430\u0433\u0430\u0437\u0438\u043d\",\"item\":\"https:\\\/\\\/ksensors.co.kr\\\/ru\\\/%d0%bc%d0%b0%d0%b3%d0%b0%d0%b7%d0%b8%d0%bd\\\/\"},{\"@type\":\"ListItem\",\"position\":3,\"name\":\"SAINTBOND \\\/ LCX3045 Multi Component Load Cells Three Multi-dimensional Force Sensor\"}]},{\"@type\":\"WebSite\",\"@id\":\"https:\\\/\\\/ksensors.co.kr\\\/#website\",\"url\":\"https:\\\/\\\/ksensors.co.kr\\\/\",\"name\":\"KSENSORS : \ucf00\uc774\uc13c\uc11c\uc2a4\",\"description\":\"Load cell, torque center, displacement sensor, pressure sensor\",\"publisher\":{\"@id\":\"https:\\\/\\\/ksensors.co.kr\\\/#organization\"},\"alternateName\":\"KSENSORS\",\"potentialAction\":[{\"@type\":\"SearchAction\",\"target\":{\"@type\":\"EntryPoint\",\"urlTemplate\":\"https:\\\/\\\/ksensors.co.kr\\\/?s={search_term_string}\"},\"query-input\":{\"@type\":\"PropertyValueSpecification\",\"valueRequired\":true,\"valueName\":\"search_term_string\"}}],\"inLanguage\":\"ru-RU\"},{\"@type\":\"Organization\",\"@id\":\"https:\\\/\\\/ksensors.co.kr\\\/#organization\",\"name\":\"\ucf00\uc774\uc13c\uc11c\uc2a4\",\"alternateName\":\"KSENSORS\",\"url\":\"https:\\\/\\\/ksensors.co.kr\\\/\",\"logo\":{\"@type\":\"ImageObject\",\"inLanguage\":\"ru-RU\",\"@id\":\"https:\\\/\\\/ksensors.co.kr\\\/#\\\/schema\\\/logo\\\/image\\\/\",\"url\":\"https:\\\/\\\/ksensors.co.kr\\\/wp-content\\\/uploads\\\/2025\\\/05\\\/EMBLEM.png\",\"contentUrl\":\"https:\\\/\\\/ksensors.co.kr\\\/wp-content\\\/uploads\\\/2025\\\/05\\\/EMBLEM.png\",\"width\":1711,\"height\":676,\"caption\":\"\ucf00\uc774\uc13c\uc11c\uc2a4\"},\"image\":{\"@id\":\"https:\\\/\\\/ksensors.co.kr\\\/#\\\/schema\\\/logo\\\/image\\\/\"}}]}<\/script>\n<!-- \/ Yoast SEO Premium plugin. -->","yoast_head_json":{"title":"SAINTBOND \/ LCX3045 Multi Component Load Cells Three Multi-dimensional Force Sensor - KSENSORS : \ucf00\uc774\uc13c\uc11c\uc2a4","robots":{"index":"index","follow":"follow","max-snippet":"max-snippet:-1","max-image-preview":"max-image-preview:large","max-video-preview":"max-video-preview:-1"},"canonical":"https:\/\/ksensors.co.kr\/product\/saintbond-lcx3045-multi-component-load-cells-three-multi-dimensional-force-sensor\/","og_locale":"ru_RU","og_type":"article","og_title":"SAINTBOND \/ LCX3045 Multi Component Load Cells Three Multi-dimensional Force Sensor","og_description":"LCX3045 Multi Component Load Cells Three Multi-dimensional Force Sensor Product Description Product Introduction: \u25ceMaterial: alloy steel; \u25ceMeasuring range fxyz: 500kN; \u25ceAccuracy: 0.5%; \u25ceOutput signal: 1.0mV\/V; Dimension: Technical Parameter\uff1a Parameter Reference Value Parameter Reference Value Material Alloy Steel Cable length 5m Length\u00d7width\u00d7height 400\u00d7400\u00d7100mm Accuracy class 0.5%FS Range XYZ axis 500kN Linear error 0.2%FS Safety overload 150%FS [&hellip;]","og_url":"https:\/\/ksensors.co.kr\/product\/saintbond-lcx3045-multi-component-load-cells-three-multi-dimensional-force-sensor\/","og_site_name":"KSENSORS : \ucf00\uc774\uc13c\uc11c\uc2a4","og_image":[{"width":750,"height":750,"url":"https:\/\/ksensors.co.kr\/wp-content\/uploads\/2026\/01\/LCX3045.webp","type":"image\/webp"}],"twitter_card":"summary_large_image","twitter_misc":{"Est. reading time":"1 \u043c\u0438\u043d\u0443\u0442\u0430"},"schema":{"@context":"https:\/\/schema.org","@graph":[{"@type":"WebPage","@id":"https:\/\/ksensors.co.kr\/product\/saintbond-lcx3045-multi-component-load-cells-three-multi-dimensional-force-sensor\/","url":"https:\/\/ksensors.co.kr\/product\/saintbond-lcx3045-multi-component-load-cells-three-multi-dimensional-force-sensor\/","name":"SAINTBOND \/ LCX3045 Multi Component Load Cells Three Multi-dimensional Force Sensor - KSENSORS : \ucf00\uc774\uc13c\uc11c\uc2a4","isPartOf":{"@id":"https:\/\/ksensors.co.kr\/#website"},"primaryImageOfPage":{"@id":"https:\/\/ksensors.co.kr\/product\/saintbond-lcx3045-multi-component-load-cells-three-multi-dimensional-force-sensor\/#primaryimage"},"image":{"@id":"https:\/\/ksensors.co.kr\/product\/saintbond-lcx3045-multi-component-load-cells-three-multi-dimensional-force-sensor\/#primaryimage"},"thumbnailUrl":"https:\/\/ksensors.co.kr\/wp-content\/uploads\/2026\/01\/LCX3045.webp","datePublished":"2026-01-05T00:13:07+00:00","breadcrumb":{"@id":"https:\/\/ksensors.co.kr\/product\/saintbond-lcx3045-multi-component-load-cells-three-multi-dimensional-force-sensor\/#breadcrumb"},"inLanguage":"ru-RU","potentialAction":[{"@type":"ReadAction","target":["https:\/\/ksensors.co.kr\/product\/saintbond-lcx3045-multi-component-load-cells-three-multi-dimensional-force-sensor\/"]}]},{"@type":"ImageObject","inLanguage":"ru-RU","@id":"https:\/\/ksensors.co.kr\/product\/saintbond-lcx3045-multi-component-load-cells-three-multi-dimensional-force-sensor\/#primaryimage","url":"https:\/\/ksensors.co.kr\/wp-content\/uploads\/2026\/01\/LCX3045.webp","contentUrl":"https:\/\/ksensors.co.kr\/wp-content\/uploads\/2026\/01\/LCX3045.webp","width":750,"height":750},{"@type":"BreadcrumbList","@id":"https:\/\/ksensors.co.kr\/product\/saintbond-lcx3045-multi-component-load-cells-three-multi-dimensional-force-sensor\/#breadcrumb","itemListElement":[{"@type":"ListItem","position":1,"name":"\ud648","item":"https:\/\/ksensors.co.kr\/ru\/"},{"@type":"ListItem","position":2,"name":"\u041c\u0430\u0433\u0430\u0437\u0438\u043d","item":"https:\/\/ksensors.co.kr\/ru\/%d0%bc%d0%b0%d0%b3%d0%b0%d0%b7%d0%b8%d0%bd\/"},{"@type":"ListItem","position":3,"name":"SAINTBOND \/ LCX3045 Multi Component Load Cells Three Multi-dimensional Force Sensor"}]},{"@type":"WebSite","@id":"https:\/\/ksensors.co.kr\/#website","url":"https:\/\/ksensors.co.kr\/","name":"KSENSORS : \ucf00\uc774\uc13c\uc11c\uc2a4","description":"Load cell, torque center, displacement sensor, pressure sensor","publisher":{"@id":"https:\/\/ksensors.co.kr\/#organization"},"alternateName":"KSENSORS","potentialAction":[{"@type":"SearchAction","target":{"@type":"EntryPoint","urlTemplate":"https:\/\/ksensors.co.kr\/?s={search_term_string}"},"query-input":{"@type":"PropertyValueSpecification","valueRequired":true,"valueName":"search_term_string"}}],"inLanguage":"ru-RU"},{"@type":"Organization","@id":"https:\/\/ksensors.co.kr\/#organization","name":"\ucf00\uc774\uc13c\uc11c\uc2a4","alternateName":"KSENSORS","url":"https:\/\/ksensors.co.kr\/","logo":{"@type":"ImageObject","inLanguage":"ru-RU","@id":"https:\/\/ksensors.co.kr\/#\/schema\/logo\/image\/","url":"https:\/\/ksensors.co.kr\/wp-content\/uploads\/2025\/05\/EMBLEM.png","contentUrl":"https:\/\/ksensors.co.kr\/wp-content\/uploads\/2025\/05\/EMBLEM.png","width":1711,"height":676,"caption":"\ucf00\uc774\uc13c\uc11c\uc2a4"},"image":{"@id":"https:\/\/ksensors.co.kr\/#\/schema\/logo\/image\/"}}]}},"_links":{"self":[{"href":"https:\/\/ksensors.co.kr\/ru\/wp-json\/wp\/v2\/product\/306782","targetHints":{"allow":["GET"]}}],"collection":[{"href":"https:\/\/ksensors.co.kr\/ru\/wp-json\/wp\/v2\/product"}],"about":[{"href":"https:\/\/ksensors.co.kr\/ru\/wp-json\/wp\/v2\/types\/product"}],"version-history":[{"count":0,"href":"https:\/\/ksensors.co.kr\/ru\/wp-json\/wp\/v2\/product\/306782\/revisions"}],"wp:featuredmedia":[{"embeddable":true,"href":"https:\/\/ksensors.co.kr\/ru\/wp-json\/wp\/v2\/media\/306770"}],"wp:attachment":[{"href":"https:\/\/ksensors.co.kr\/ru\/wp-json\/wp\/v2\/media?parent=306782"}],"wp:term":[{"taxonomy":"product_brand","embeddable":true,"href":"https:\/\/ksensors.co.kr\/ru\/wp-json\/wp\/v2\/product_brand?post=306782"},{"taxonomy":"product_cat","embeddable":true,"href":"https:\/\/ksensors.co.kr\/ru\/wp-json\/wp\/v2\/product_cat?post=306782"},{"taxonomy":"product_tag","embeddable":true,"href":"https:\/\/ksensors.co.kr\/ru\/wp-json\/wp\/v2\/product_tag?post=306782"}],"curies":[{"name":"wp","href":"https:\/\/api.w.org\/{rel}","templated":true}]}}