{"id":302439,"date":"2025-12-30T16:00:25","date_gmt":"2025-12-30T07:00:25","guid":{"rendered":"https:\/\/ksensors.co.kr\/product\/saintbond-lc412-column-load-sensor-weight-sensor-compression-and-tension-column-type-stainless-steel-load-cell-40-ton\/"},"modified":"2025-12-30T16:00:25","modified_gmt":"2025-12-30T07:00:25","slug":"saintbond-lc412-column-load-sensor-weight-sensor-compression-and-tension-column-type-stainless-steel-load-cell-40-ton","status":"publish","type":"product","link":"https:\/\/ksensors.co.kr\/ru\/product\/saintbond-lc412-column-load-sensor-weight-sensor-compression-and-tension-column-type-stainless-steel-load-cell-40-ton\/","title":{"rendered":"SAINTBOND \/ LC412 Column Load Sensor Weight Sensor Compression And Tension Column Type Stainless Steel Load Cell 40 Ton"},"content":{"rendered":"<h1 class=\"this-description-name\">LC412 Column Load Sensor Weight Sensor Compression And Tension Column Type Stainless Steel Load Cell 40 Ton<\/h1>\n<p><strong><a>Product Description<\/a><\/strong><\/p>\n<div class=\"detial-cont-tabscont\">\n<div class=\"fix prodDesc\">\n<div class=\"prodDetail-editor-container \">\n<p><img decoding=\"async\" class=\" lazyloaded\" title=\"LC412-2\" src=\"https:\/\/ksensors.co.kr\/wp-content\/uploads\/2025\/12\/LC412.jpg\" alt=\"LC412-2\" data-original=\"\/\/ilrorwxhklojlp5p.ldycdn.com\/cloud\/lkBpoKmlliSRkjrmjrjiio\/LC412.jpg\" \/><img decoding=\"async\" class=\" lazyloaded\" title=\"LC412\" src=\"https:\/\/ksensors.co.kr\/wp-content\/uploads\/2025\/12\/LC412.png\" alt=\"LC412\" data-original=\"\/\/ilrorwxhklojlp5p.ldycdn.com\/cloud\/ljBpoKmlliSRkjrmjriiio\/LC412.png\" \/><\/p>\n<p><strong>Dimensions Unit: mm:<\/strong><\/p>\n<div class=\"sliderTable mt10 mb10 sliderTable-index0 change-to-org\">\n<div class=\"inner\">\n<table width=\"565\">\n<tbody>\n<tr class=\"firstRow\">\n<td valign=\"top\" width=\"104\"><strong>Cap\/Size<\/strong><\/td>\n<td valign=\"top\" width=\"71\"><strong>A<\/strong><\/td>\n<td valign=\"top\" width=\"70\"><strong>B<\/strong><\/td>\n<td valign=\"top\" width=\"74\"><strong>H1<\/strong><\/td>\n<td valign=\"top\" width=\"72\"><strong>H2<\/strong><\/td>\n<td valign=\"top\" width=\"74\"><strong>L<\/strong><\/td>\n<td valign=\"top\" width=\"100\"><strong>M<\/strong><\/td>\n<\/tr>\n<tr>\n<td valign=\"center\" width=\"104\">10~20t<\/td>\n<td valign=\"top\" width=\"71\">73<\/td>\n<td valign=\"top\" width=\"70\">200<\/td>\n<td valign=\"top\" width=\"74\">180<\/td>\n<td valign=\"top\" width=\"72\">69.3<\/td>\n<td valign=\"top\" width=\"74\">99.7<\/td>\n<td valign=\"top\" width=\"100\">M36\u00d73<\/td>\n<\/tr>\n<tr>\n<td valign=\"center\" width=\"104\">20~30t<\/td>\n<td valign=\"top\" width=\"71\">88.9<\/td>\n<td valign=\"top\" width=\"70\">250<\/td>\n<td valign=\"top\" width=\"74\">200<\/td>\n<td valign=\"top\" width=\"72\">70<\/td>\n<td valign=\"top\" width=\"74\">115.6<\/td>\n<td valign=\"top\" width=\"100\">M42\u00d73<\/td>\n<\/tr>\n<tr>\n<td valign=\"center\" width=\"104\">40~60t<\/td>\n<td valign=\"top\" width=\"71\">105<\/td>\n<td valign=\"top\" width=\"70\">300<\/td>\n<td valign=\"top\" width=\"74\">250<\/td>\n<td valign=\"top\" width=\"72\">99.3<\/td>\n<td valign=\"top\" width=\"74\">138.3<\/td>\n<td valign=\"top\" width=\"100\">M56\u00d74<\/td>\n<\/tr>\n<tr>\n<td valign=\"center\" width=\"104\">100t<\/td>\n<td valign=\"top\" width=\"71\">152.4<\/td>\n<td valign=\"top\" width=\"70\">400<\/td>\n<td valign=\"top\" width=\"74\">350<\/td>\n<td valign=\"top\" width=\"72\">131.9<\/td>\n<td valign=\"top\" width=\"74\">183.9<\/td>\n<td valign=\"top\" width=\"100\">M76\u00d74<\/td>\n<\/tr>\n<\/tbody>\n<\/table>\n<\/div>\n<\/div>\n<p><strong>Product Characteristics:<\/strong><\/p>\n<p>Alloy Steel\/Stainless steel IP68 compression\/tension load cell,Hermetically sealed,Suitable for vehicle and hopper scales and vehicle testing facilities,Built in surge arrestors<\/p>\n<p><strong>\u00a0<\/strong><\/p>\n<p><strong>Technical Parameter:<\/strong><\/p>\n<div class=\"sliderTable mt10 mb10 sliderTable-index1 change-to-org\">\n<div class=\"inner\">\n<table width=\"626\">\n<tbody>\n<tr class=\"firstRow\">\n<td valign=\"top\" width=\"145\">Rated Load:<\/td>\n<td colspan=\"3\" valign=\"top\" width=\"481\">10\/20\/30\/40\/50\/60\/100t<\/td>\n<\/tr>\n<tr>\n<td valign=\"top\" width=\"145\">Sensitivity:<\/td>\n<td valign=\"top\" width=\"122\">(1.5\u00b10.1%) mV\/V<\/td>\n<td valign=\"top\" width=\"177\">Operating Temp. Range:<\/td>\n<td valign=\"top\" width=\"182\">-30~+70\u2103<\/td>\n<\/tr>\n<tr>\n<td valign=\"top\" width=\"145\">Combined Error:<\/td>\n<td valign=\"top\" width=\"122\">\u00b10.03% F.S<\/td>\n<td valign=\"top\" width=\"177\">Maximum Safe Over Load:<\/td>\n<td valign=\"top\" width=\"182\">150%F.S<\/td>\n<\/tr>\n<tr>\n<td valign=\"top\" width=\"145\">Creep Error(30min):<\/td>\n<td valign=\"top\" width=\"122\">\u00b10.03% F.S<\/td>\n<td valign=\"top\" width=\"177\">Ultimate Over Load:<\/td>\n<td valign=\"top\" width=\"182\">200%F.S<\/td>\n<\/tr>\n<tr>\n<td valign=\"top\" width=\"145\">Zero Balance:<\/td>\n<td valign=\"top\" width=\"122\">\u00b11% F.S<\/td>\n<td valign=\"top\" width=\"177\">Recommend Excitation Vol.:<\/td>\n<td valign=\"top\" width=\"182\">10~12V DC<\/td>\n<\/tr>\n<tr>\n<td valign=\"top\" width=\"145\">Temp. Effect On Zero:<\/td>\n<td valign=\"top\" width=\"122\">\u00b10.02% F.S\/10\u2103<\/td>\n<td valign=\"top\" width=\"177\">Maximum Excitation Vol.<\/td>\n<td valign=\"top\" width=\"182\">15V DC<\/td>\n<\/tr>\n<tr>\n<td valign=\"top\" width=\"145\">Temp. Effect On Span:<\/td>\n<td valign=\"top\" width=\"122\">\u00b10.02% F.S\/10\u2103<\/td>\n<td valign=\"top\" width=\"177\">Sealing Class:<\/td>\n<td valign=\"top\" width=\"182\">IP68<\/td>\n<\/tr>\n<tr>\n<td valign=\"top\" width=\"145\">Input Resistance:<\/td>\n<td valign=\"top\" width=\"122\">750\u00b15\u03a9<\/td>\n<td valign=\"top\" width=\"177\">Element Material:<\/td>\n<td valign=\"top\" width=\"182\">Alloy Steel \/ Stainless steel<\/td>\n<\/tr>\n<tr>\n<td valign=\"top\" width=\"145\">Output Resistance:<\/td>\n<td valign=\"top\" width=\"122\">703\u00b12\u03a9<\/td>\n<td valign=\"top\" width=\"177\">Cable:<\/td>\n<td valign=\"top\" width=\"182\">Length=L:16m<\/td>\n<\/tr>\n<tr>\n<td valign=\"top\" width=\"145\">Insulation Resistance:<\/td>\n<td valign=\"top\" width=\"122\">\u22655000M\u03a9<\/td>\n<td valign=\"top\" width=\"177\">Citation:<\/td>\n<td valign=\"top\" width=\"182\">GB\/T7551-2008\/ OIML R60<\/td>\n<\/tr>\n<\/tbody>\n<\/table>\n<\/div>\n<\/div>\n<p>&nbsp;<\/p>\n<div class=\"sliderTable mt10 mb10 sliderTable-index2 change-to-org\">\n<div class=\"inner\">\n<table width=\"882\">\n<tbody>\n<tr class=\"firstRow\">\n<td valign=\"top\" width=\"161\">Product name<\/td>\n<td valign=\"top\" width=\"678\">LC412 Column Load Sensor Weight Sensor Compression And Tension Column Type Stainless Steel Load Cell 40 Ton<\/td>\n<\/tr>\n<tr>\n<td valign=\"top\" width=\"161\">Brand<\/td>\n<td valign=\"top\" width=\"678\">SAINTBOND<\/td>\n<\/tr>\n<tr>\n<td valign=\"top\" width=\"161\">Market<\/td>\n<td valign=\"top\" width=\"678\">All over the world<\/td>\n<\/tr>\n<tr>\n<td valign=\"top\" width=\"161\">Features<\/td>\n<td valign=\"top\" width=\"678\">High precision and stable performance<\/td>\n<\/tr>\n<tr>\n<td valign=\"top\" width=\"161\">Advantage<\/td>\n<td valign=\"top\" width=\"678\">0EM\/ODM<\/td>\n<\/tr>\n<tr>\n<td valign=\"top\" width=\"161\">Sample Lead Time<\/td>\n<td valign=\"top\" width=\"678\">5~ 40Days<\/td>\n<\/tr>\n<tr>\n<td valign=\"top\" width=\"161\">Sample price<\/td>\n<td valign=\"top\" width=\"678\">The price is different according to product capacity<\/td>\n<\/tr>\n<tr>\n<td valign=\"top\" width=\"161\">Custom Design<\/td>\n<td valign=\"top\" width=\"678\">Welcome<\/td>\n<\/tr>\n<tr>\n<td valign=\"top\" width=\"161\">Form of sale<\/td>\n<td valign=\"top\" width=\"678\">Factory supply<\/td>\n<\/tr>\n<\/tbody>\n<\/table>\n<\/div>\n<\/div>\n<\/div>\n<\/div>\n<\/div>\n","protected":false},"excerpt":{"rendered":"<p>LC412 Column Load Sensor Weight Sensor Compression And Tension Column Type Stainless Steel Load Cell 40 Ton Product Description Dimensions Unit: mm: Cap\/Size A B H1 H2 L M 10~20t 73 200 180 69.3 99.7 M36\u00d73 20~30t 88.9 250 200 70 115.6 M42\u00d73 40~60t 105 300 250 99.3 138.3 M56\u00d74 100t 152.4 400 350 131.9 [&hellip;]<\/p>\n","protected":false},"featured_media":302430,"template":"","meta":[],"product_brand":[2472],"product_cat":[576],"product_tag":[577],"class_list":{"0":"post-302439","1":"product","2":"type-product","3":"status-publish","4":"has-post-thumbnail","6":"product_brand-saintbond-2-ru","7":"product_cat-576","8":"product_tag---ru","10":"first","11":"instock","12":"taxable","13":"shipping-taxable","14":"product-type-simple"},"aioseo_notices":[],"_links":{"self":[{"href":"https:\/\/ksensors.co.kr\/ru\/wp-json\/wp\/v2\/product\/302439","targetHints":{"allow":["GET"]}}],"collection":[{"href":"https:\/\/ksensors.co.kr\/ru\/wp-json\/wp\/v2\/product"}],"about":[{"href":"https:\/\/ksensors.co.kr\/ru\/wp-json\/wp\/v2\/types\/product"}],"version-history":[{"count":0,"href":"https:\/\/ksensors.co.kr\/ru\/wp-json\/wp\/v2\/product\/302439\/revisions"}],"wp:featuredmedia":[{"embeddable":true,"href":"https:\/\/ksensors.co.kr\/ru\/wp-json\/wp\/v2\/media\/302430"}],"wp:attachment":[{"href":"https:\/\/ksensors.co.kr\/ru\/wp-json\/wp\/v2\/media?parent=302439"}],"wp:term":[{"taxonomy":"product_brand","embeddable":true,"href":"https:\/\/ksensors.co.kr\/ru\/wp-json\/wp\/v2\/product_brand?post=302439"},{"taxonomy":"product_cat","embeddable":true,"href":"https:\/\/ksensors.co.kr\/ru\/wp-json\/wp\/v2\/product_cat?post=302439"},{"taxonomy":"product_tag","embeddable":true,"href":"https:\/\/ksensors.co.kr\/ru\/wp-json\/wp\/v2\/product_tag?post=302439"}],"curies":[{"name":"wp","href":"https:\/\/api.w.org\/{rel}","templated":true}]}}