{"id":301993,"date":"2025-12-30T14:37:22","date_gmt":"2025-12-30T05:37:22","guid":{"rendered":"https:\/\/ksensors.co.kr\/?post_type=product&#038;p=301993"},"modified":"2025-12-30T14:37:30","modified_gmt":"2025-12-30T05:37:30","slug":"saintbond-lc477-column-weighbridge-load-cell-compression-column-type-load-cells","status":"publish","type":"product","link":"https:\/\/ksensors.co.kr\/ru\/product\/saintbond-lc477-column-weighbridge-load-cell-compression-column-type-load-cells\/","title":{"rendered":"SAINTBOND \/ LC477 Column Weighbridge Load Cell Compression Column Type Load Cells"},"content":{"rendered":"<h1 class=\"this-description-name\">LC477 Column Weighbridge Load Cell Compression Column Type Load Cells<\/h1>\n<p><strong><a>Product Description<\/a><\/strong><\/p>\n<div class=\"detial-cont-tabscont\">\n<div class=\"fix prodDesc\">\n<div class=\"prodDetail-editor-container \">\n<p><img decoding=\"async\" class=\" lazyloaded\" title=\"LC477\" src=\"https:\/\/ksensors.co.kr\/wp-content\/uploads\/2025\/12\/LC477.jpg\" alt=\"LC477\" data-original=\"\/\/ilrorwxhklojlp5p.ldycdn.com\/cloud\/lkBpoKmlliSRkjommpooim\/LC477.jpg\" \/><\/p>\n<p><strong>Dimension:<\/strong><\/p>\n<p><img decoding=\"async\" class=\" lazyloaded\" title=\"LC477\" src=\"https:\/\/ksensors.co.kr\/wp-content\/uploads\/2025\/12\/LC477-1200x613.png\" alt=\"LC477\" data-original=\"\/\/ilrorwxhklojlp5p.ldycdn.com\/cloud\/liBpoKmlliSRkjommpkqim\/LC477.png\" \/><\/p>\n<div class=\"sliderTable mt10 mb10 sliderTable-index0 change-to-org\">\n<div class=\"inner\">\n<table width=\"623\">\n<tbody>\n<tr class=\"firstRow\">\n<td valign=\"top\" width=\"81\"><strong>Cap.(Ton)<\/strong><\/td>\n<td valign=\"top\" width=\"106\"><strong>10\/20t<\/strong><\/td>\n<td valign=\"top\" width=\"105\"><strong>50t<\/strong><\/td>\n<td valign=\"top\" width=\"112\"><strong>100\/150t<\/strong><\/td>\n<td valign=\"top\" width=\"114\"><strong>200\/250t<\/strong><\/td>\n<td valign=\"top\" width=\"105\"><strong>500t<\/strong><\/td>\n<\/tr>\n<tr>\n<td valign=\"top\" width=\"81\">M<\/td>\n<td valign=\"top\" width=\"106\">M12\u00d71.75dp11<\/td>\n<td valign=\"top\" width=\"105\">M20\u00d72.5dp20<\/td>\n<td valign=\"top\" width=\"112\">M20\u00d72.5dp20<\/td>\n<td valign=\"top\" width=\"114\">M20\u00d72.5dp20<\/td>\n<td valign=\"top\" width=\"105\">M20\u00d72.5dp20<\/td>\n<\/tr>\n<tr>\n<td valign=\"top\" width=\"81\">H<\/td>\n<td valign=\"top\" width=\"106\">\u03a632<\/td>\n<td valign=\"top\" width=\"105\">\u03a659<\/td>\n<td valign=\"top\" width=\"112\">\u03a680<\/td>\n<td valign=\"top\" width=\"114\">\u03a694<\/td>\n<td valign=\"top\" width=\"105\">\u03a6140<\/td>\n<\/tr>\n<tr>\n<td valign=\"top\" width=\"81\">E<\/td>\n<td valign=\"top\" width=\"106\">8<\/td>\n<td valign=\"top\" width=\"105\">10<\/td>\n<td valign=\"top\" width=\"112\">23<\/td>\n<td valign=\"top\" width=\"114\">24<\/td>\n<td valign=\"top\" width=\"105\">24<\/td>\n<\/tr>\n<tr>\n<td valign=\"top\" width=\"81\">D<\/td>\n<td valign=\"top\" width=\"106\">\u03a658<\/td>\n<td valign=\"top\" width=\"105\">\u03a682.5<\/td>\n<td valign=\"top\" width=\"112\">\u03a6123.8<\/td>\n<td valign=\"top\" width=\"114\">\u03a6148<\/td>\n<td valign=\"top\" width=\"105\">\u03a6165<\/td>\n<\/tr>\n<tr>\n<td valign=\"top\" width=\"81\">B<\/td>\n<td valign=\"top\" width=\"106\">83<\/td>\n<td valign=\"top\" width=\"105\">127<\/td>\n<td valign=\"top\" width=\"112\">184<\/td>\n<td valign=\"top\" width=\"114\">228<\/td>\n<td valign=\"top\" width=\"105\">305<\/td>\n<\/tr>\n<tr>\n<td valign=\"top\" width=\"81\">A<\/td>\n<td valign=\"top\" width=\"106\">\u03a670<\/td>\n<td valign=\"top\" width=\"105\">\u03a6100<\/td>\n<td valign=\"top\" width=\"112\">\u03a6142<\/td>\n<td valign=\"top\" width=\"114\">\u03a6158<\/td>\n<td valign=\"top\" width=\"105\">\u03a6177<\/td>\n<\/tr>\n<tr>\n<td valign=\"top\" width=\"81\">C<\/td>\n<td valign=\"top\" width=\"106\">32<\/td>\n<td valign=\"top\" width=\"105\">54<\/td>\n<td valign=\"top\" width=\"112\">92<\/td>\n<td valign=\"top\" width=\"114\">92<\/td>\n<td valign=\"top\" width=\"105\">117<\/td>\n<\/tr>\n<tr>\n<td valign=\"top\" width=\"81\">G<\/td>\n<td valign=\"top\" width=\"106\">64<\/td>\n<td valign=\"top\" width=\"105\">86<\/td>\n<td valign=\"top\" width=\"112\">108<\/td>\n<td valign=\"top\" width=\"114\">108<\/td>\n<td valign=\"top\" width=\"105\">115<\/td>\n<\/tr>\n<tr>\n<td valign=\"top\" width=\"81\">J<\/td>\n<td valign=\"top\" width=\"106\">2<\/td>\n<td valign=\"top\" width=\"105\">11<\/td>\n<td valign=\"top\" width=\"112\">22<\/td>\n<td valign=\"top\" width=\"114\">25.4<\/td>\n<td valign=\"top\" width=\"105\">31.2<\/td>\n<\/tr>\n<tr>\n<td valign=\"top\" width=\"81\">R<\/td>\n<td valign=\"top\" width=\"106\">150<\/td>\n<td valign=\"top\" width=\"105\">150<\/td>\n<td valign=\"top\" width=\"112\">430<\/td>\n<td valign=\"top\" width=\"114\">450<\/td>\n<td valign=\"top\" width=\"105\">600<\/td>\n<\/tr>\n<\/tbody>\n<\/table>\n<\/div>\n<\/div>\n<p><strong>\u00a0<\/strong><strong>Technical Parameter:<\/strong><\/p>\n<div class=\"sliderTable mt10 mb10 sliderTable-index1 change-to-org\">\n<div class=\"inner\">\n<table width=\"629\">\n<tbody>\n<tr class=\"firstRow\">\n<td valign=\"center\" width=\"144\">Rated Load:<\/td>\n<td valign=\"center\" width=\"150\">10\/20\/50\/100\u200c\/150\/200\/250\/500t<\/td>\n<td valign=\"center\" width=\"152\">Operating Temp. Range:<\/td>\n<td valign=\"center\" width=\"183\">-30~+70\u2103<\/td>\n<\/tr>\n<tr>\n<td valign=\"center\" width=\"144\">Sensitivity:<\/td>\n<td valign=\"center\" width=\"150\">(2.0\u00b10.1%) m V\/V<\/td>\n<td valign=\"center\" width=\"152\">Max. Safe Over Load:<\/td>\n<td valign=\"center\" width=\"183\">150%F.S<\/td>\n<\/tr>\n<tr>\n<td valign=\"center\" width=\"144\">Combined Error:<\/td>\n<td valign=\"center\" width=\"150\">\u00b10.02% F.S<\/td>\n<td valign=\"center\" width=\"152\">Ultimate Over Load:<\/td>\n<td valign=\"center\" width=\"183\">300%F.S<\/td>\n<\/tr>\n<tr>\n<td valign=\"center\" width=\"144\">Creep Error(30min):<\/td>\n<td valign=\"center\" width=\"150\">\u00b10.02% F.S<\/td>\n<td valign=\"center\" width=\"152\">Recommend Excitation:<\/td>\n<td valign=\"center\" width=\"183\">10~12V DC<\/td>\n<\/tr>\n<tr>\n<td valign=\"center\" width=\"144\">Zero Balance:<\/td>\n<td valign=\"center\" width=\"150\">\u00b11% F.S<\/td>\n<td valign=\"center\" width=\"152\">Maximum Excitation:<\/td>\n<td valign=\"center\" width=\"183\">15V DC<\/td>\n<\/tr>\n<tr>\n<td valign=\"center\" width=\"144\">Temp. Effect On Zero:<\/td>\n<td valign=\"center\" width=\"150\">\u00b10.02% F.S\/10\u2103<\/td>\n<td valign=\"center\" width=\"152\">Sealing Class:<\/td>\n<td valign=\"center\" width=\"183\">IP67\/IP68<\/td>\n<\/tr>\n<tr>\n<td valign=\"center\" width=\"144\">Temp. Effect On Span:<\/td>\n<td valign=\"center\" width=\"150\">\u00b10.02% F.S\/10\u2103<\/td>\n<td valign=\"center\" width=\"152\">Element Material:<\/td>\n<td valign=\"center\" width=\"183\">Alloy \/Stainless Steel<\/td>\n<\/tr>\n<tr>\n<td valign=\"center\" width=\"144\">Input Resistance:<\/td>\n<td valign=\"center\" width=\"150\">410\u00b110\u03a9<\/td>\n<td valign=\"center\" width=\"152\">Cable:<\/td>\n<td valign=\"center\" width=\"183\">10m(10t-20t), 15m(50t-250t)<\/td>\n<\/tr>\n<tr>\n<td valign=\"center\" width=\"144\">Output Resistance:<\/td>\n<td valign=\"center\" width=\"150\">350\u00b13\u03a9<\/td>\n<td valign=\"center\" width=\"152\">Citation:<\/td>\n<td valign=\"center\" width=\"183\">GB\/T7551-2008\/ OIML R60<\/td>\n<\/tr>\n<tr>\n<td valign=\"center\" width=\"144\">Insulation Resistance:<\/td>\n<td valign=\"center\" width=\"150\">\u22655000M\u03a9<\/td>\n<td valign=\"center\" width=\"152\">Mode Of Connection:<\/td>\n<td valign=\"center\" width=\"183\">Red(Input+),Green(Output+)<\/p>\n<p>Black(Input-),White(Output-)<\/td>\n<\/tr>\n<\/tbody>\n<\/table>\n<\/div>\n<\/div>\n<p>&nbsp;<\/p>\n<div class=\"sliderTable mt10 mb10 sliderTable-index2 change-to-org\">\n<div class=\"inner\">\n<table width=\"882\">\n<tbody>\n<tr class=\"firstRow\">\n<td valign=\"top\" width=\"161\">Product name<\/td>\n<td valign=\"top\" width=\"678\">LC477 Column Weighbridge Load Cell Compression Column Type Load Cells<\/td>\n<\/tr>\n<tr>\n<td valign=\"top\" width=\"161\">Brand<\/td>\n<td valign=\"top\" width=\"678\">SAINTBOND<\/td>\n<\/tr>\n<tr>\n<td valign=\"top\" width=\"161\">Market<\/td>\n<td valign=\"top\" width=\"678\">All over the world<\/td>\n<\/tr>\n<tr>\n<td valign=\"top\" width=\"161\">Features<\/td>\n<td valign=\"top\" width=\"678\">High precision and stable performance<\/td>\n<\/tr>\n<tr>\n<td valign=\"top\" width=\"161\">Advantage<\/td>\n<td valign=\"top\" width=\"678\">0EM\/ODM<\/td>\n<\/tr>\n<tr>\n<td valign=\"top\" width=\"161\">Sample Lead Time<\/td>\n<td valign=\"top\" width=\"678\">5~ 40Days<\/td>\n<\/tr>\n<tr>\n<td valign=\"top\" width=\"161\">Sample price<\/td>\n<td valign=\"top\" width=\"678\">The price is different according to product capacity<\/td>\n<\/tr>\n<tr>\n<td valign=\"top\" width=\"161\">Custom Design<\/td>\n<td valign=\"top\" width=\"678\">Welcome<\/td>\n<\/tr>\n<tr>\n<td valign=\"top\" width=\"161\">Form of sale<\/td>\n<td valign=\"top\" width=\"678\">Factory supply<\/td>\n<\/tr>\n<\/tbody>\n<\/table>\n<\/div>\n<\/div>\n<\/div>\n<\/div>\n<\/div>\n<div class=\"detial-cont-tabscont\">\n<div class=\"fix prodDesc\">\n<div class=\"prodDetail-editor-container \">\n<div class=\"sliderTable mt10 mb10 sliderTable-index1 change-to-org\"><\/div>\n<\/div>\n<\/div>\n<\/div>\n","protected":false},"excerpt":{"rendered":"<p>LC477 Column Weighbridge Load Cell Compression Column Type Load Cells Product Description Dimension: Cap.(Ton) 10\/20t 50t 100\/150t 200\/250t 500t M M12\u00d71.75dp11 M20\u00d72.5dp20 M20\u00d72.5dp20 M20\u00d72.5dp20 M20\u00d72.5dp20 H \u03a632 \u03a659 \u03a680 \u03a694 \u03a6140 E 8 10 23 24 24 D \u03a658 \u03a682.5 \u03a6123.8 \u03a6148 \u03a6165 B 83 127 184 228 305 A \u03a670 \u03a6100 \u03a6142 \u03a6158 \u03a6177 [&hellip;]<\/p>\n","protected":false},"featured_media":301996,"template":"","meta":[],"product_brand":[2472],"product_cat":[576],"product_tag":[577],"class_list":{"0":"post-301993","1":"product","2":"type-product","3":"status-publish","4":"has-post-thumbnail","6":"product_brand-saintbond-2-ru","7":"product_cat-576","8":"product_tag---ru","10":"first","11":"instock","12":"taxable","13":"shipping-taxable","14":"product-type-simple"},"yoast_head":"<!-- This site is optimized with the Yoast SEO Premium plugin v27.4 (Yoast SEO v27.4) - https:\/\/yoast.com\/product\/yoast-seo-premium-wordpress\/ -->\n<title>SAINTBOND \/ LC477 Column Weighbridge Load Cell Compression Column Type Load Cells - KSENSORS : \ucf00\uc774\uc13c\uc11c\uc2a4<\/title>\n<meta name=\"robots\" content=\"index, follow, max-snippet:-1, max-image-preview:large, max-video-preview:-1\" \/>\n<link rel=\"canonical\" href=\"https:\/\/ksensors.co.kr\/product\/saintbond-lc477-column-weighbridge-load-cell-compression-column-type-load-cells\/\" \/>\n<meta property=\"og:locale\" content=\"ru_RU\" \/>\n<meta property=\"og:type\" content=\"article\" \/>\n<meta property=\"og:title\" content=\"SAINTBOND \/ LC477 Column Weighbridge Load Cell Compression Column Type Load Cells\" \/>\n<meta property=\"og:description\" content=\"LC477 Column Weighbridge Load Cell Compression Column Type Load Cells Product Description Dimension: Cap.(Ton) 10\/20t 50t 100\/150t 200\/250t 500t M M12\u00d71.75dp11 M20\u00d72.5dp20 M20\u00d72.5dp20 M20\u00d72.5dp20 M20\u00d72.5dp20 H \u03a632 \u03a659 \u03a680 \u03a694 \u03a6140 E 8 10 23 24 24 D \u03a658 \u03a682.5 \u03a6123.8 \u03a6148 \u03a6165 B 83 127 184 228 305 A \u03a670 \u03a6100 \u03a6142 \u03a6158 \u03a6177 [&hellip;]\" \/>\n<meta property=\"og:url\" content=\"https:\/\/ksensors.co.kr\/product\/saintbond-lc477-column-weighbridge-load-cell-compression-column-type-load-cells\/\" \/>\n<meta property=\"og:site_name\" content=\"KSENSORS : \ucf00\uc774\uc13c\uc11c\uc2a4\" \/>\n<meta property=\"article:modified_time\" content=\"2025-12-30T05:37:30+00:00\" \/>\n<meta property=\"og:image\" content=\"https:\/\/ksensors.co.kr\/wp-content\/uploads\/2025\/12\/LC477.webp\" \/>\n\t<meta property=\"og:image:width\" content=\"750\" \/>\n\t<meta property=\"og:image:height\" content=\"750\" \/>\n\t<meta property=\"og:image:type\" content=\"image\/webp\" \/>\n<meta name=\"twitter:card\" content=\"summary_large_image\" \/>\n<meta name=\"twitter:label1\" content=\"Est. reading time\" \/>\n\t<meta name=\"twitter:data1\" content=\"1 \u043c\u0438\u043d\u0443\u0442\u0430\" \/>\n<script type=\"application\/ld+json\" class=\"yoast-schema-graph\">{\"@context\":\"https:\\\/\\\/schema.org\",\"@graph\":[{\"@type\":\"WebPage\",\"@id\":\"https:\\\/\\\/ksensors.co.kr\\\/product\\\/saintbond-lc477-column-weighbridge-load-cell-compression-column-type-load-cells\\\/\",\"url\":\"https:\\\/\\\/ksensors.co.kr\\\/product\\\/saintbond-lc477-column-weighbridge-load-cell-compression-column-type-load-cells\\\/\",\"name\":\"SAINTBOND \\\/ LC477 Column Weighbridge Load Cell Compression Column Type Load Cells - KSENSORS : \ucf00\uc774\uc13c\uc11c\uc2a4\",\"isPartOf\":{\"@id\":\"https:\\\/\\\/ksensors.co.kr\\\/#website\"},\"primaryImageOfPage\":{\"@id\":\"https:\\\/\\\/ksensors.co.kr\\\/product\\\/saintbond-lc477-column-weighbridge-load-cell-compression-column-type-load-cells\\\/#primaryimage\"},\"image\":{\"@id\":\"https:\\\/\\\/ksensors.co.kr\\\/product\\\/saintbond-lc477-column-weighbridge-load-cell-compression-column-type-load-cells\\\/#primaryimage\"},\"thumbnailUrl\":\"https:\\\/\\\/ksensors.co.kr\\\/wp-content\\\/uploads\\\/2025\\\/12\\\/LC477.webp\",\"datePublished\":\"2025-12-30T05:37:22+00:00\",\"dateModified\":\"2025-12-30T05:37:30+00:00\",\"breadcrumb\":{\"@id\":\"https:\\\/\\\/ksensors.co.kr\\\/product\\\/saintbond-lc477-column-weighbridge-load-cell-compression-column-type-load-cells\\\/#breadcrumb\"},\"inLanguage\":\"ru-RU\",\"potentialAction\":[{\"@type\":\"ReadAction\",\"target\":[\"https:\\\/\\\/ksensors.co.kr\\\/product\\\/saintbond-lc477-column-weighbridge-load-cell-compression-column-type-load-cells\\\/\"]}]},{\"@type\":\"ImageObject\",\"inLanguage\":\"ru-RU\",\"@id\":\"https:\\\/\\\/ksensors.co.kr\\\/product\\\/saintbond-lc477-column-weighbridge-load-cell-compression-column-type-load-cells\\\/#primaryimage\",\"url\":\"https:\\\/\\\/ksensors.co.kr\\\/wp-content\\\/uploads\\\/2025\\\/12\\\/LC477.webp\",\"contentUrl\":\"https:\\\/\\\/ksensors.co.kr\\\/wp-content\\\/uploads\\\/2025\\\/12\\\/LC477.webp\",\"width\":750,\"height\":750},{\"@type\":\"BreadcrumbList\",\"@id\":\"https:\\\/\\\/ksensors.co.kr\\\/product\\\/saintbond-lc477-column-weighbridge-load-cell-compression-column-type-load-cells\\\/#breadcrumb\",\"itemListElement\":[{\"@type\":\"ListItem\",\"position\":1,\"name\":\"\ud648\",\"item\":\"https:\\\/\\\/ksensors.co.kr\\\/ru\\\/\"},{\"@type\":\"ListItem\",\"position\":2,\"name\":\"\u041c\u0430\u0433\u0430\u0437\u0438\u043d\",\"item\":\"https:\\\/\\\/ksensors.co.kr\\\/ru\\\/%d0%bc%d0%b0%d0%b3%d0%b0%d0%b7%d0%b8%d0%bd\\\/\"},{\"@type\":\"ListItem\",\"position\":3,\"name\":\"SAINTBOND \\\/ LC477 Column Weighbridge Load Cell Compression Column Type Load Cells\"}]},{\"@type\":\"WebSite\",\"@id\":\"https:\\\/\\\/ksensors.co.kr\\\/#website\",\"url\":\"https:\\\/\\\/ksensors.co.kr\\\/\",\"name\":\"KSENSORS : \ucf00\uc774\uc13c\uc11c\uc2a4\",\"description\":\"Load cell, torque center, displacement sensor, pressure sensor\",\"publisher\":{\"@id\":\"https:\\\/\\\/ksensors.co.kr\\\/#organization\"},\"alternateName\":\"KSENSORS\",\"potentialAction\":[{\"@type\":\"SearchAction\",\"target\":{\"@type\":\"EntryPoint\",\"urlTemplate\":\"https:\\\/\\\/ksensors.co.kr\\\/?s={search_term_string}\"},\"query-input\":{\"@type\":\"PropertyValueSpecification\",\"valueRequired\":true,\"valueName\":\"search_term_string\"}}],\"inLanguage\":\"ru-RU\"},{\"@type\":\"Organization\",\"@id\":\"https:\\\/\\\/ksensors.co.kr\\\/#organization\",\"name\":\"\ucf00\uc774\uc13c\uc11c\uc2a4\",\"alternateName\":\"KSENSORS\",\"url\":\"https:\\\/\\\/ksensors.co.kr\\\/\",\"logo\":{\"@type\":\"ImageObject\",\"inLanguage\":\"ru-RU\",\"@id\":\"https:\\\/\\\/ksensors.co.kr\\\/#\\\/schema\\\/logo\\\/image\\\/\",\"url\":\"https:\\\/\\\/ksensors.co.kr\\\/wp-content\\\/uploads\\\/2025\\\/05\\\/EMBLEM.png\",\"contentUrl\":\"https:\\\/\\\/ksensors.co.kr\\\/wp-content\\\/uploads\\\/2025\\\/05\\\/EMBLEM.png\",\"width\":1711,\"height\":676,\"caption\":\"\ucf00\uc774\uc13c\uc11c\uc2a4\"},\"image\":{\"@id\":\"https:\\\/\\\/ksensors.co.kr\\\/#\\\/schema\\\/logo\\\/image\\\/\"}}]}<\/script>\n<!-- \/ Yoast SEO Premium plugin. -->","yoast_head_json":{"title":"SAINTBOND \/ LC477 Column Weighbridge Load Cell Compression Column Type Load Cells - KSENSORS : \ucf00\uc774\uc13c\uc11c\uc2a4","robots":{"index":"index","follow":"follow","max-snippet":"max-snippet:-1","max-image-preview":"max-image-preview:large","max-video-preview":"max-video-preview:-1"},"canonical":"https:\/\/ksensors.co.kr\/product\/saintbond-lc477-column-weighbridge-load-cell-compression-column-type-load-cells\/","og_locale":"ru_RU","og_type":"article","og_title":"SAINTBOND \/ LC477 Column Weighbridge Load Cell Compression Column Type Load Cells","og_description":"LC477 Column Weighbridge Load Cell Compression Column Type Load Cells Product Description Dimension: Cap.(Ton) 10\/20t 50t 100\/150t 200\/250t 500t M M12\u00d71.75dp11 M20\u00d72.5dp20 M20\u00d72.5dp20 M20\u00d72.5dp20 M20\u00d72.5dp20 H \u03a632 \u03a659 \u03a680 \u03a694 \u03a6140 E 8 10 23 24 24 D \u03a658 \u03a682.5 \u03a6123.8 \u03a6148 \u03a6165 B 83 127 184 228 305 A \u03a670 \u03a6100 \u03a6142 \u03a6158 \u03a6177 [&hellip;]","og_url":"https:\/\/ksensors.co.kr\/product\/saintbond-lc477-column-weighbridge-load-cell-compression-column-type-load-cells\/","og_site_name":"KSENSORS : \ucf00\uc774\uc13c\uc11c\uc2a4","article_modified_time":"2025-12-30T05:37:30+00:00","og_image":[{"width":750,"height":750,"url":"https:\/\/ksensors.co.kr\/wp-content\/uploads\/2025\/12\/LC477.webp","type":"image\/webp"}],"twitter_card":"summary_large_image","twitter_misc":{"Est. reading time":"1 \u043c\u0438\u043d\u0443\u0442\u0430"},"schema":{"@context":"https:\/\/schema.org","@graph":[{"@type":"WebPage","@id":"https:\/\/ksensors.co.kr\/product\/saintbond-lc477-column-weighbridge-load-cell-compression-column-type-load-cells\/","url":"https:\/\/ksensors.co.kr\/product\/saintbond-lc477-column-weighbridge-load-cell-compression-column-type-load-cells\/","name":"SAINTBOND \/ LC477 Column Weighbridge Load Cell Compression Column Type Load Cells - KSENSORS : \ucf00\uc774\uc13c\uc11c\uc2a4","isPartOf":{"@id":"https:\/\/ksensors.co.kr\/#website"},"primaryImageOfPage":{"@id":"https:\/\/ksensors.co.kr\/product\/saintbond-lc477-column-weighbridge-load-cell-compression-column-type-load-cells\/#primaryimage"},"image":{"@id":"https:\/\/ksensors.co.kr\/product\/saintbond-lc477-column-weighbridge-load-cell-compression-column-type-load-cells\/#primaryimage"},"thumbnailUrl":"https:\/\/ksensors.co.kr\/wp-content\/uploads\/2025\/12\/LC477.webp","datePublished":"2025-12-30T05:37:22+00:00","dateModified":"2025-12-30T05:37:30+00:00","breadcrumb":{"@id":"https:\/\/ksensors.co.kr\/product\/saintbond-lc477-column-weighbridge-load-cell-compression-column-type-load-cells\/#breadcrumb"},"inLanguage":"ru-RU","potentialAction":[{"@type":"ReadAction","target":["https:\/\/ksensors.co.kr\/product\/saintbond-lc477-column-weighbridge-load-cell-compression-column-type-load-cells\/"]}]},{"@type":"ImageObject","inLanguage":"ru-RU","@id":"https:\/\/ksensors.co.kr\/product\/saintbond-lc477-column-weighbridge-load-cell-compression-column-type-load-cells\/#primaryimage","url":"https:\/\/ksensors.co.kr\/wp-content\/uploads\/2025\/12\/LC477.webp","contentUrl":"https:\/\/ksensors.co.kr\/wp-content\/uploads\/2025\/12\/LC477.webp","width":750,"height":750},{"@type":"BreadcrumbList","@id":"https:\/\/ksensors.co.kr\/product\/saintbond-lc477-column-weighbridge-load-cell-compression-column-type-load-cells\/#breadcrumb","itemListElement":[{"@type":"ListItem","position":1,"name":"\ud648","item":"https:\/\/ksensors.co.kr\/ru\/"},{"@type":"ListItem","position":2,"name":"\u041c\u0430\u0433\u0430\u0437\u0438\u043d","item":"https:\/\/ksensors.co.kr\/ru\/%d0%bc%d0%b0%d0%b3%d0%b0%d0%b7%d0%b8%d0%bd\/"},{"@type":"ListItem","position":3,"name":"SAINTBOND \/ LC477 Column Weighbridge Load Cell Compression Column Type Load Cells"}]},{"@type":"WebSite","@id":"https:\/\/ksensors.co.kr\/#website","url":"https:\/\/ksensors.co.kr\/","name":"KSENSORS : \ucf00\uc774\uc13c\uc11c\uc2a4","description":"Load cell, torque center, displacement sensor, pressure sensor","publisher":{"@id":"https:\/\/ksensors.co.kr\/#organization"},"alternateName":"KSENSORS","potentialAction":[{"@type":"SearchAction","target":{"@type":"EntryPoint","urlTemplate":"https:\/\/ksensors.co.kr\/?s={search_term_string}"},"query-input":{"@type":"PropertyValueSpecification","valueRequired":true,"valueName":"search_term_string"}}],"inLanguage":"ru-RU"},{"@type":"Organization","@id":"https:\/\/ksensors.co.kr\/#organization","name":"\ucf00\uc774\uc13c\uc11c\uc2a4","alternateName":"KSENSORS","url":"https:\/\/ksensors.co.kr\/","logo":{"@type":"ImageObject","inLanguage":"ru-RU","@id":"https:\/\/ksensors.co.kr\/#\/schema\/logo\/image\/","url":"https:\/\/ksensors.co.kr\/wp-content\/uploads\/2025\/05\/EMBLEM.png","contentUrl":"https:\/\/ksensors.co.kr\/wp-content\/uploads\/2025\/05\/EMBLEM.png","width":1711,"height":676,"caption":"\ucf00\uc774\uc13c\uc11c\uc2a4"},"image":{"@id":"https:\/\/ksensors.co.kr\/#\/schema\/logo\/image\/"}}]}},"_links":{"self":[{"href":"https:\/\/ksensors.co.kr\/ru\/wp-json\/wp\/v2\/product\/301993","targetHints":{"allow":["GET"]}}],"collection":[{"href":"https:\/\/ksensors.co.kr\/ru\/wp-json\/wp\/v2\/product"}],"about":[{"href":"https:\/\/ksensors.co.kr\/ru\/wp-json\/wp\/v2\/types\/product"}],"version-history":[{"count":0,"href":"https:\/\/ksensors.co.kr\/ru\/wp-json\/wp\/v2\/product\/301993\/revisions"}],"wp:featuredmedia":[{"embeddable":true,"href":"https:\/\/ksensors.co.kr\/ru\/wp-json\/wp\/v2\/media\/301996"}],"wp:attachment":[{"href":"https:\/\/ksensors.co.kr\/ru\/wp-json\/wp\/v2\/media?parent=301993"}],"wp:term":[{"taxonomy":"product_brand","embeddable":true,"href":"https:\/\/ksensors.co.kr\/ru\/wp-json\/wp\/v2\/product_brand?post=301993"},{"taxonomy":"product_cat","embeddable":true,"href":"https:\/\/ksensors.co.kr\/ru\/wp-json\/wp\/v2\/product_cat?post=301993"},{"taxonomy":"product_tag","embeddable":true,"href":"https:\/\/ksensors.co.kr\/ru\/wp-json\/wp\/v2\/product_tag?post=301993"}],"curies":[{"name":"wp","href":"https:\/\/api.w.org\/{rel}","templated":true}]}}