{"id":299584,"date":"2025-12-29T13:27:31","date_gmt":"2025-12-29T04:27:31","guid":{"rendered":"https:\/\/ksensors.co.kr\/product\/saintbond-lc505-weighing-load-cell-sensor-spoke-type-torsional-ring-load-cell\/"},"modified":"2025-12-29T13:27:31","modified_gmt":"2025-12-29T04:27:31","slug":"saintbond-lc505-weighing-load-cell-sensor-spoke-type-torsional-ring-load-cell","status":"publish","type":"product","link":"https:\/\/ksensors.co.kr\/ru\/product\/saintbond-lc505-weighing-load-cell-sensor-spoke-type-torsional-ring-load-cell\/","title":{"rendered":"SAINTBOND \/ LC505 Weighing Load Cell Sensor Spoke Type Torsional Ring Load Cell"},"content":{"rendered":"<h1>LC505 Weighing Load Cell Sensor Spoke Type Torsional Ring Load Cell<\/h1>\n<p><strong><a>Product Description<\/a><\/strong><\/p>\n<div class=\"detial-cont-tabscont\">\n<div class=\"fix prodDesc\">\n<div class=\"prodDetail-editor-container \">\n<p><img decoding=\"async\" class=\" lazyloaded\" title=\"LC505-2\" src=\"https:\/\/ksensors.co.kr\/wp-content\/uploads\/2025\/12\/LC505.jpg\" alt=\"LC505-2\" data-original=\"\/\/ilrorwxhklojlp5p.ldycdn.com\/cloud\/liBpoKmlliSRljojoomjip\/LC505.jpg\" \/><\/p>\n<p><strong>Dimensions: Unit: mm<\/strong><\/p>\n<p><img decoding=\"async\" class=\" lazyloaded\" title=\"LC505\" src=\"https:\/\/ksensors.co.kr\/wp-content\/uploads\/2025\/12\/LC505.png\" alt=\"LC505\" data-original=\"\/\/ilrorwxhklojlp5p.ldycdn.com\/cloud\/lmBpoKmlliSRljojooqjiq\/LC505.png\" \/><\/p>\n<div class=\"sliderTable mt10 mb10 sliderTable-index0 change-to-org\">\n<div class=\"inner\">\n<table>\n<tbody>\n<tr class=\"firstRow\">\n<td valign=\"center\" width=\"95\"><strong>Cap.\/Size<\/strong><\/td>\n<td valign=\"center\" width=\"78\"><strong>D<\/strong><\/td>\n<td valign=\"center\" width=\"72\"><strong>D0<\/strong><\/td>\n<td valign=\"center\" width=\"61\"><strong>D1<\/strong><\/td>\n<td valign=\"center\" width=\"68\"><strong>H<\/strong><\/td>\n<td valign=\"center\" width=\"58\"><strong>H0<\/strong><\/td>\n<td valign=\"center\" width=\"47\"><strong>H1<\/strong><\/td>\n<td valign=\"center\" width=\"47\"><strong>H2<\/strong><\/td>\n<td valign=\"center\" width=\"83\"><strong>M<\/strong><strong>\u00d7P<\/strong><\/td>\n<\/tr>\n<tr>\n<td valign=\"center\" width=\"95\">10t<\/td>\n<td valign=\"center\" width=\"78\">\u00d840<\/td>\n<td valign=\"center\" width=\"72\">\u00d8138<\/td>\n<td valign=\"center\" width=\"61\">\u00d850<\/td>\n<td valign=\"center\" width=\"68\">134.5<\/td>\n<td valign=\"center\" width=\"58\">74<\/td>\n<td valign=\"center\" width=\"47\">17<\/td>\n<td valign=\"center\" width=\"47\">35<\/td>\n<td valign=\"center\" width=\"83\">20\u00d71.5<\/td>\n<\/tr>\n<tr>\n<td valign=\"center\" width=\"95\">20,25t<\/td>\n<td valign=\"center\" width=\"78\">\u00d850<\/td>\n<td valign=\"center\" width=\"72\">\u00d8165<\/td>\n<td valign=\"center\" width=\"61\">\u00d865<\/td>\n<td valign=\"center\" width=\"68\">717<\/td>\n<td valign=\"center\" width=\"58\">86.1<\/td>\n<td valign=\"center\" width=\"47\">25<\/td>\n<td valign=\"center\" width=\"47\">50<\/td>\n<td valign=\"center\" width=\"83\">24\u00d71.5<\/td>\n<\/tr>\n<tr>\n<td valign=\"center\" width=\"95\">30t<\/td>\n<td valign=\"center\" width=\"78\">\u00d850.8<\/td>\n<td valign=\"center\" width=\"72\">\u00d8165<\/td>\n<td valign=\"center\" width=\"61\">\u00d875<\/td>\n<td valign=\"center\" width=\"68\">176<\/td>\n<td valign=\"center\" width=\"58\">86.1<\/td>\n<td valign=\"center\" width=\"47\">25<\/td>\n<td valign=\"center\" width=\"47\">55<\/td>\n<td valign=\"center\" width=\"83\">30\u00d71.5<\/td>\n<\/tr>\n<tr>\n<td valign=\"center\" width=\"95\">40t<\/td>\n<td valign=\"center\" width=\"78\">\u00d876.2<\/td>\n<td valign=\"center\" width=\"72\">\u00d8165<\/td>\n<td valign=\"center\" width=\"61\">\u00d885<\/td>\n<td valign=\"center\" width=\"68\">221<\/td>\n<td valign=\"center\" width=\"58\">95.8<\/td>\n<td valign=\"center\" width=\"47\">25<\/td>\n<td valign=\"center\" width=\"47\">65<\/td>\n<td valign=\"center\" width=\"83\">40\u00d71.5<\/td>\n<\/tr>\n<\/tbody>\n<\/table>\n<\/div>\n<\/div>\n<p><strong>Technical Parameter:<\/strong><\/p>\n<div class=\"sliderTable mt10 mb10 sliderTable-index1 change-to-org\">\n<div class=\"inner\">\n<table>\n<tbody>\n<tr class=\"firstRow\">\n<td valign=\"center\" width=\"146\">Rated Load:<\/td>\n<td valign=\"center\" width=\"126\">10\/20\/25\/30\/40t<\/td>\n<td valign=\"center\" width=\"153\">Operating Temp. Range:<\/td>\n<td valign=\"center\" width=\"188\">-30~+70\u2103<\/td>\n<\/tr>\n<tr>\n<td valign=\"center\" width=\"146\">Sensitivity:<\/td>\n<td valign=\"center\" width=\"126\">(2.0\u00b10.1%) m V\/V<\/td>\n<td valign=\"center\" width=\"153\">Max.\u00a0Safe Over Load:<\/td>\n<td valign=\"center\" width=\"188\">150%F.S<\/td>\n<\/tr>\n<tr>\n<td valign=\"center\" width=\"146\">Combined Error:<\/td>\n<td valign=\"center\" width=\"126\">\u00b10.02% F.S<\/td>\n<td valign=\"center\" width=\"153\">Ultimate Over Load:<\/td>\n<td valign=\"center\" width=\"188\">300%F.S<\/td>\n<\/tr>\n<tr>\n<td valign=\"center\" width=\"146\">Creep Error(30min):<\/td>\n<td valign=\"center\" width=\"126\">\u00b10.02% F.S<\/td>\n<td valign=\"center\" width=\"153\">Recommend Excitation:<\/td>\n<td valign=\"center\" width=\"188\">10~12V DC<\/td>\n<\/tr>\n<tr>\n<td valign=\"center\" width=\"146\">Zero Balance:<\/td>\n<td valign=\"center\" width=\"126\">\u00b11% F.S<\/td>\n<td valign=\"center\" width=\"153\">Maximum Excitation:<\/td>\n<td valign=\"center\" width=\"188\">15V DC<\/td>\n<\/tr>\n<tr>\n<td valign=\"center\" width=\"146\">Temp. Effect On Zero:<\/td>\n<td valign=\"center\" width=\"126\">\u00b10.02% F.S\/10\u2103<\/td>\n<td valign=\"center\" width=\"153\">Sealing Class:<\/td>\n<td valign=\"center\" width=\"188\">IP67\/IP68<\/td>\n<\/tr>\n<tr>\n<td valign=\"center\" width=\"146\">Temp. Effect On Span:<\/td>\n<td valign=\"center\" width=\"126\">\u00b10.02% F.S\/10\u2103<\/td>\n<td valign=\"center\" width=\"153\">Element Material:<\/td>\n<td valign=\"center\" width=\"188\">Alloy \/Stainless Steel<\/td>\n<\/tr>\n<tr>\n<td valign=\"center\" width=\"146\">Input Resistance:<\/td>\n<td valign=\"center\" width=\"126\">385\u00b15\u03a9<\/td>\n<td valign=\"center\" width=\"153\">Cable:<\/td>\n<td valign=\"center\" width=\"188\">Length=L:13m<\/td>\n<\/tr>\n<tr>\n<td valign=\"center\" width=\"146\">Output Resistance:<\/td>\n<td valign=\"center\" width=\"126\">352\u00b12\u03a9<\/td>\n<td valign=\"center\" width=\"153\">Citation:<\/td>\n<td valign=\"center\" width=\"188\">GB\/T7551-2008\/ OIML R60<\/td>\n<\/tr>\n<tr>\n<td valign=\"center\" width=\"146\">Insulation Resistance:<\/td>\n<td valign=\"center\" width=\"126\">\u22655000M\u03a9<\/td>\n<td valign=\"center\" width=\"153\">Mode Of Connection:<\/td>\n<td valign=\"center\" width=\"188\">Red(Input+),Green(Output+),<\/p>\n<p>Black(Input-),White(Output-)<\/td>\n<\/tr>\n<\/tbody>\n<\/table>\n<\/div>\n<\/div>\n<p><img decoding=\"async\" class=\" lazyloaded\" title=\"\u5723\u90a6\u7f51\u7ad91\u8be6\u60c5\u9875_05\" src=\"https:\/\/ksensors.co.kr\/wp-content\/uploads\/2025\/12\/1_shengbangwangzhan1xiangqingye_05.jpg\" alt=\"\u5723\u90a6\u7f51\u7ad91\u8be6\u60c5\u9875_05\" data-original=\"\/\/ilrorwxhklojlp5p.ldycdn.com\/cloud\/liBpoKmlliSRkjprljiqiq\/shengbangwangzhan1xiangqingye_05.jpg\" \/><\/p>\n<div class=\"sliderTable mt10 mb10 sliderTable-index2 change-to-org\">\n<div class=\"inner\">\n<table width=\"882\">\n<tbody>\n<tr class=\"firstRow\">\n<td valign=\"top\" width=\"161\">Product name<\/td>\n<td valign=\"top\" width=\"678\">LC505 Weighing Load Cell Sensor Spoke Type Torsional Ring Load Cell<\/td>\n<\/tr>\n<tr>\n<td valign=\"top\" width=\"161\">Brand<\/td>\n<td valign=\"top\" width=\"678\">SAINTBOND<\/td>\n<\/tr>\n<tr>\n<td valign=\"top\" width=\"161\">Market<\/td>\n<td valign=\"top\" width=\"678\">All over the world<\/td>\n<\/tr>\n<tr>\n<td valign=\"top\" width=\"161\">Features<\/td>\n<td valign=\"top\" width=\"678\">High precision and stable performance<\/td>\n<\/tr>\n<tr>\n<td valign=\"top\" width=\"161\">Advantage<\/td>\n<td valign=\"top\" width=\"678\">0EM\/ODM<\/td>\n<\/tr>\n<tr>\n<td valign=\"top\" width=\"161\">Sample Lead Time<\/td>\n<td valign=\"top\" width=\"678\">5~ 40Days<\/td>\n<\/tr>\n<tr>\n<td valign=\"top\" width=\"161\">Sample price<\/td>\n<td valign=\"top\" width=\"678\">The price is different according to product capacity<\/td>\n<\/tr>\n<tr>\n<td valign=\"top\" width=\"161\">Custom Design<\/td>\n<td valign=\"top\" width=\"678\">Welcome<\/td>\n<\/tr>\n<tr>\n<td valign=\"top\" width=\"161\">Form of sale<\/td>\n<td valign=\"top\" width=\"678\">Factory supply<\/td>\n<\/tr>\n<\/tbody>\n<\/table>\n<\/div>\n<\/div>\n<\/div>\n<\/div>\n<\/div>\n","protected":false},"excerpt":{"rendered":"<p>LC505 Weighing Load Cell Sensor Spoke Type Torsional Ring Load Cell Product Description Dimensions: Unit: mm Cap.\/Size D D0 D1 H H0 H1 H2 M\u00d7P 10t \u00d840 \u00d8138 \u00d850 134.5 74 17 35 20\u00d71.5 20,25t \u00d850 \u00d8165 \u00d865 717 86.1 25 50 24\u00d71.5 30t \u00d850.8 \u00d8165 \u00d875 176 86.1 25 55 30\u00d71.5 40t \u00d876.2 \u00d8165 [&hellip;]<\/p>\n","protected":false},"featured_media":299575,"template":"","meta":[],"product_brand":[2472],"product_cat":[1762],"product_tag":[1248],"class_list":{"0":"post-299584","1":"product","2":"type-product","3":"status-publish","4":"has-post-thumbnail","6":"product_brand-saintbond-2-ru","7":"product_cat---loadcell-ru","8":"product_tag---ru","10":"first","11":"instock","12":"taxable","13":"shipping-taxable","14":"product-type-simple"},"aioseo_notices":[],"_links":{"self":[{"href":"https:\/\/ksensors.co.kr\/ru\/wp-json\/wp\/v2\/product\/299584","targetHints":{"allow":["GET"]}}],"collection":[{"href":"https:\/\/ksensors.co.kr\/ru\/wp-json\/wp\/v2\/product"}],"about":[{"href":"https:\/\/ksensors.co.kr\/ru\/wp-json\/wp\/v2\/types\/product"}],"version-history":[{"count":0,"href":"https:\/\/ksensors.co.kr\/ru\/wp-json\/wp\/v2\/product\/299584\/revisions"}],"wp:featuredmedia":[{"embeddable":true,"href":"https:\/\/ksensors.co.kr\/ru\/wp-json\/wp\/v2\/media\/299575"}],"wp:attachment":[{"href":"https:\/\/ksensors.co.kr\/ru\/wp-json\/wp\/v2\/media?parent=299584"}],"wp:term":[{"taxonomy":"product_brand","embeddable":true,"href":"https:\/\/ksensors.co.kr\/ru\/wp-json\/wp\/v2\/product_brand?post=299584"},{"taxonomy":"product_cat","embeddable":true,"href":"https:\/\/ksensors.co.kr\/ru\/wp-json\/wp\/v2\/product_cat?post=299584"},{"taxonomy":"product_tag","embeddable":true,"href":"https:\/\/ksensors.co.kr\/ru\/wp-json\/wp\/v2\/product_tag?post=299584"}],"curies":[{"name":"wp","href":"https:\/\/api.w.org\/{rel}","templated":true}]}}