{"id":278164,"date":"2025-08-28T11:02:05","date_gmt":"2025-08-28T02:02:05","guid":{"rendered":"https:\/\/ksensors.co.kr\/?post_type=product&#038;p=278164"},"modified":"2025-10-23T16:43:12","modified_gmt":"2025-10-23T07:43:12","slug":"zhimin-bst106-m60sl-%eb%a0%88%ec%9d%bc%ed%98%95-%eb%a1%9c%eb%93%9c%ec%85%80-%ec%8b%a0%ed%98%b8-%eb%b3%80%ed%99%98%ea%b8%b0-2","status":"publish","type":"product","link":"https:\/\/ksensors.co.kr\/ru\/product\/zhimin-bst106-m60sl-%eb%a0%88%ec%9d%bc%ed%98%95-%eb%a1%9c%eb%93%9c%ec%85%80-%ec%8b%a0%ed%98%b8-%eb%b3%80%ed%99%98%ea%b8%b0-2\/","title":{"rendered":"ZHIMIN \/ BST106-M60S[L] \/ \u041f\u0440\u0435\u043e\u0431\u0440\u0430\u0437\u043e\u0432\u0430\u0442\u0435\u043b\u044c \u0441\u0438\u0433\u043d\u0430\u043b\u043e\u0432 \u0442\u0435\u043d\u0437\u043e\u0434\u0430\u0442\u0447\u0438\u043a\u0430 \u0440\u0435\u043b\u044c\u0441\u043e\u0432\u043e\u0433\u043e \u0442\u0438\u043f\u0430"},"content":{"rendered":"<h1>BST106-M60S[L] Rail type load cell signal converter<\/h1>\n<p><img fetchpriority=\"high\" decoding=\"async\" class=\"aligncenter size-full wp-image-37692\" src=\"https:\/\/casscale.kz\/wp-content\/uploads\/2025\/08\/download.png\" alt=\"\" width=\"528\" height=\"605\"><\/p>\n<div>Executing Standards<\/div>\n<div>\uf0b2 PRC GB\/T 7724-2008\u300aNational Standard for Electronic Weighing Meter\u300b.<\/div>\n<div>\uf0b2 PRC JJG 649-2016\u300aNational Verification Regulation for Digital Weighing Indicators (Weighing<\/div>\n<div>Indicators)\u300b.<\/div>\n<div>\uf0b2 OMIL R76-1: 2006\u300aNon-automatic Weighing Instruments\u300bInternational Recommendation.<\/div>\n<div>\uf0b2 Accuracy Grade:\u25cb<\/div>\n<div>\u2162 .<\/div>\n<div>\uf0b2 Number of Verification Scale Interval: n=3000.<\/div>\n<div>\uf0a8 Display<\/div>\n<div>\uf0b2 6+6 Red LED digital tubes for English character and digit display.<\/div>\n<div>\uf0b2 Weight Display Range: -9,999~+99,999.<\/div>\n<div>\uf0b2 Scale Capacity: Setting Range 1~99,999.<\/div>\n<div>\uf0b2 Scale Division: Optional 1, 2, 5, 10, 20, 50, 100, 200, 500.<\/div>\n<div>\uf0b2 Display Resolution: 1\/50,000.<\/div>\n<div>\uf0b2 Decimal Point Position: Optional 0, 0.0, 0.00, 0.000, 0.0000.<\/div>\n<div>\uf0b2 Display Refreshing Time: Setting Range 0.01~1.00s.<\/div>\n<div>\uf0a8 Keypad<\/div>\n<div>\uf0b2 4-key English keypad for Menu&amp;Shortcut mode operation.<\/div>\n<div>\uf0a8 Weighing Signal Interface<\/div>\n<div>\uf0b2 Excitation Voltage\/Max. Current: DC5V\/120mA [8-350\u03a9 loadcells]. <\/div>\n<div>\uf0b2 Signal Input Range: 0~12.5mV.<\/div>\n<div>\uf0b2 Output Sensitivity of Loadcell: 1.0~2.5mV\/V.<\/div>\n<div>\uf0b2 24-bit \u2211-\u25b3ADC with internal resolution 1\/1,000,000.<\/div>\n<div>\uf0b2 Optional Sampling Frequency: 3200Hz, 1600Hz, 800Hz, 400Hz, 200Hz, 5Hz.<\/div>\n<div>\uf0b2 Special Anti-vibration<\/div>\n<div>Digital Filtering Algorithm for precise weighing, stable display and rapid<\/div>\n<div>response.<\/div>\n<div>\uf0b2 Zero Drift: \u00b10.1\u03bcV\/\u2103<\/div>\n<div>RTI (Relative to Input).<\/div>\n<div>\uf0b2 Gain Drift: \u00b15ppm\/\u2103.<\/div>\n<div>\uf0b2 Non-linearity: 0.005%FS.<\/div>\n<div>\uf0a8 Switch&amp;Analog Signal Interface<\/div>\n<div>\uf0b2 3 Optional&amp;definable normally open switch inputs [DI].<\/div>\n<div>\uf0b2 3 Optional&amp;definable normally open transistor switch outputs [DO]: DC24V, 250mA..<\/div>\n<div>\uf0b2 1 Optional&amp;definable current signal output [AO: 0~20mA], Non-linearity: 0.05%FS.<\/div>\n<div>\uf0b2 1 Optional&amp;definable voltage signal output [VO: 0~10V], Non-linearity: 0.05%FS.<\/div>\n<div>\uf0a8 Digital Communication Interface<\/div>\n<div>\uf0b2 COM1: RS232.<\/div>\n<div>\uf0b2 COM2: Optional RS485.5<\/div>\n<div>\uf0b2 COM3: Optional CANBUS.<\/div>\n<div>\uf0b2 Connectable: Host IPC\/PLC and LED Remote Display.<\/div>\n<div>\uf0a8 Operating Specification<\/div>\n<div>\uf0b2 Operating Voltage: DC12~24V.<\/div>\n<div>\uf0b2 Max. Power Consumption: 3W. <\/div>\n<div>\uf0b2 Outline Size: 71.5\u00d7113\u00d757.9mm [W\u00d7H\u00d7D].<\/div>\n<div>\uf0b2 Guide rail type installation.<\/div>\n<div>\uf0b2 Guide Rail Groove Size: 35\u00d71.6 mm [W\u00d7H\u00d7D].<\/div>\n<div>\uf0b2 Operating Temperature: -25\u2103 to +45\u2103.<\/div>\n<div>\uf0b2 Storage Temperature: -30\u2103 to +60\u2103.<\/div>\n<div>\uf0b2 Relative Humidity: Max. 85%RH. <\/div>\n<div>\uf0b2 Weight: Approx. 167g. <\/div>\n","protected":false},"excerpt":{"rendered":"<div>Main Features:<\/div>\n<div><\/div>\n<div>Applications: Weight\/Force Display, Peak Value Detection&amp;Display Holding, Auto<\/div>\n<div>Weight-checking, Setpoint DO Output and AO\/Digit Transmission.<\/div>\n<div><\/div>\n<div>EMC design with high anti-jamming capability, suitable for industrial environment.<\/div>\n<div><\/div>\n<div>32-bit ARM CPU with 48MHz clock &amp; high arithmetic speed.<\/div>\n<div><\/div>\n<div>6+6 Red LED digital tubes for English character and digit display.<\/div>\n<div><\/div>\n<div>4-key English keypad for Menu&amp;Shortcut mode operation.<\/div>\n<div><\/div>\n<div>24-bit High-precision and high-speed \u2211-\u25b3A\/D conversion module with 1\/1,000,000 internal<\/div>\n<div>resolution and max. sampling frequency 3200Hz. <\/div>\n<div><\/div>\n<div>Special anti-vibration digital filtering algorithm for ensuring the weighing stability and accuracy<\/div>\n<div>when there is strong vibration on the load receptor, and the rapid response capability when the<\/div>\n<div>weight signal changes.<\/div>\n<div><\/div>\n<div>Max. Connection Quantity: 8 Loadcells (350\u03a9). <\/div>\n<div><\/div>\n<div>Zero Upon Power Up, Zero Auto-tracking, Manual\/Auto Zero and Zero Calibration available.<\/div>\n<div><\/div>\n<div>Load Calibration, Data Calibration, Segmenting Span Correction and Segmenting<\/div>\n<div>Weight<\/div>\n<div>Calculation available.<\/div>\n<div><\/div>\n<div>Auto-locking, Key-locking, Key-unlocking,<\/div>\n<div>Digital Setting&amp;Calibration and I\/O<\/div>\n<div>Testing<\/div>\n<div>functions available.<\/div>\n<div><\/div>\n<div>3 Definable normally open switch inputs [DI]<\/div>\n<div>and 3 definable normally open transistor switch<\/div>\n<div>outputs [DO].<\/div>\n<div><\/div>\n<div>1 Optional&amp;definable current signal output [AO: 0~20mA].<\/div>\n<div><\/div>\n<div>1 Optional&amp;definable voltage signal output [VO: 0~10V].<\/div>\n<div><\/div>\n<div>RS232, optional RS485 and CANBUS communication ports for connecting Host IPC\/PLC and<\/div>\n<div>LED Remote Display.<\/div>\n<div><\/div>\n<div>With the multitasking mode, the weighing\/force measuring process, alarm output and signal<\/div>\n<div>transmission will not be interrupted by parameter setting and the other operations.<\/div>\n","protected":false},"featured_media":273734,"template":"","meta":[],"product_brand":[1201],"product_cat":[459],"product_tag":[2003,2004],"class_list":{"0":"post-278164","1":"product","2":"type-product","3":"status-publish","4":"has-post-thumbnail","6":"product_brand-zhimin","7":"product_cat-459","8":"product_tag-2003","9":"product_tag-2004","11":"first","12":"instock","13":"taxable","14":"shipping-taxable","15":"product-type-simple"},"aioseo_notices":[],"_links":{"self":[{"href":"https:\/\/ksensors.co.kr\/ru\/wp-json\/wp\/v2\/product\/278164","targetHints":{"allow":["GET"]}}],"collection":[{"href":"https:\/\/ksensors.co.kr\/ru\/wp-json\/wp\/v2\/product"}],"about":[{"href":"https:\/\/ksensors.co.kr\/ru\/wp-json\/wp\/v2\/types\/product"}],"version-history":[{"count":0,"href":"https:\/\/ksensors.co.kr\/ru\/wp-json\/wp\/v2\/product\/278164\/revisions"}],"wp:featuredmedia":[{"embeddable":true,"href":"https:\/\/ksensors.co.kr\/ru\/wp-json\/wp\/v2\/media\/273734"}],"wp:attachment":[{"href":"https:\/\/ksensors.co.kr\/ru\/wp-json\/wp\/v2\/media?parent=278164"}],"wp:term":[{"taxonomy":"product_brand","embeddable":true,"href":"https:\/\/ksensors.co.kr\/ru\/wp-json\/wp\/v2\/product_brand?post=278164"},{"taxonomy":"product_cat","embeddable":true,"href":"https:\/\/ksensors.co.kr\/ru\/wp-json\/wp\/v2\/product_cat?post=278164"},{"taxonomy":"product_tag","embeddable":true,"href":"https:\/\/ksensors.co.kr\/ru\/wp-json\/wp\/v2\/product_tag?post=278164"}],"curies":[{"name":"wp","href":"https:\/\/api.w.org\/{rel}","templated":true}]}}