{"id":306721,"date":"2026-01-02T17:28:31","date_gmt":"2026-01-02T08:28:31","guid":{"rendered":"https:\/\/ksensors.co.kr\/product\/saintbond-lcx3044-multi-axis-load-cell-manufacturers-suppliers-multi-dimensional-force-sensor\/"},"modified":"2026-01-02T17:29:33","modified_gmt":"2026-01-02T08:29:33","slug":"saintbond-lcx3044-multi-axis-load-cell-manufacturers-suppliers-multi-dimensional-force-sensor","status":"publish","type":"product","link":"https:\/\/ksensors.co.kr\/en\/product\/saintbond-lcx3044-multi-axis-load-cell-manufacturers-suppliers-multi-dimensional-force-sensor\/","title":{"rendered":"SAINTBOND \/ LCX3044 Multi Axis Load Cell Manufacturers Suppliers Multi-dimensional Force Sensor"},"content":{"rendered":"<h1 class=\"this-description-name\">LCX3044 Multi Axis Load Cell Manufacturers Suppliers Multi-dimensional Force Sensor<\/h1>\n<p><strong><a>Product Description<\/a><\/strong><\/p>\n<div class=\"detial-cont-tabscont\">\n<div class=\"fix prodDesc\">\n<div class=\"prodDetail-editor-container \">\n<p><img decoding=\"async\" class=\" lazyloaded\" title=\"\u56fe\u72471\" src=\"https:\/\/ksensors.co.kr\/wp-content\/uploads\/2026\/01\/79_tupian1.png\" alt=\"\u56fe\u72471\" data-original=\"\/\/ilrorwxhklojlp5p.ldycdn.com\/cloud\/ljBpoKmlliSRnjllqomiip\/tupian1.png\" \/><\/p>\n<p><strong>Product Introduction:<\/strong><\/p>\n<p>\u25ceMaterial: alloy steel;<\/p>\n<p>\u25ceMeasuring range fxyz:50\/100\/200kn;<\/p>\n<p>\u25ceComprehensive accuracy: 0.5% FS;<\/p>\n<p>\u25ceOutput signal: 1.0mV\/V;<\/p>\n<p><strong>Dimension<\/strong><strong>:<\/strong><\/p>\n<p><img decoding=\"async\" class=\" lazyloaded\" title=\"\u56fe\u72472\" src=\"https:\/\/ksensors.co.kr\/wp-content\/uploads\/2026\/01\/79_tupian2-638x800.png\" alt=\"\u56fe\u72472\" data-original=\"\/\/ilrorwxhklojlp5p.ldycdn.com\/cloud\/liBpoKmlliSRnjllqopiip\/tupian2.png\" \/><\/p>\n<p><strong>T<\/strong><strong>echnical Parameter<\/strong><strong>\uff1a<\/strong><\/p>\n<div class=\"sliderTable mt10 mb10 sliderTable-index0 change-to-org\">\n<div class=\"inner\">\n<table width=\"555\">\n<tbody>\n<tr class=\"firstRow\">\n<td valign=\"center\" width=\"184\">Parameter<\/td>\n<td valign=\"center\" width=\"122\">Reference Value<\/td>\n<td valign=\"center\" width=\"146\">Parameter<\/td>\n<td valign=\"center\" width=\"105\">Reference Value<\/td>\n<\/tr>\n<tr>\n<td valign=\"center\" width=\"184\">Material<\/td>\n<td valign=\"center\" width=\"122\">Alloy Steel<\/td>\n<td valign=\"center\" width=\"146\">Insulation Resistance<\/td>\n<td valign=\"center\" width=\"105\">5\u03a9<\/td>\n<\/tr>\n<tr>\n<td valign=\"center\" width=\"184\">Length\u00a0\u00d7\u00a0width\u00a0\u00d7height<\/td>\n<td valign=\"center\" width=\"122\">300\u00d7300\u00d7100mm<\/td>\n<td valign=\"center\" width=\"146\">Accuracy class<\/td>\n<td valign=\"center\" width=\"105\">0.5%FS<\/td>\n<\/tr>\n<tr>\n<td valign=\"center\" width=\"184\">Range XYZ axis<\/td>\n<td valign=\"center\" width=\"122\">50,100,200\u00a0kN<\/td>\n<td valign=\"center\" width=\"146\">Linear error<\/td>\n<td valign=\"center\" width=\"105\">0.2%FS<\/td>\n<\/tr>\n<tr>\n<td valign=\"center\" width=\"184\">Safety overload<\/td>\n<td valign=\"center\" width=\"122\">150%FS<\/td>\n<td valign=\"center\" width=\"146\">Hysteresis<\/td>\n<td valign=\"center\" width=\"105\">0.02%FS<\/td>\n<\/tr>\n<tr>\n<td valign=\"center\" width=\"184\">Sensitivity output<\/td>\n<td valign=\"center\" width=\"122\">1.0mV\/V<\/td>\n<td valign=\"center\" width=\"146\">Zero temp. shift<\/td>\n<td valign=\"center\" width=\"105\">0.02%FS\/K<\/td>\n<\/tr>\n<tr>\n<td valign=\"center\" width=\"184\">Zero output<\/td>\n<td valign=\"center\" width=\"122\">0.1mV\/V<\/td>\n<td valign=\"center\" width=\"146\">Full scale temp. shift<\/td>\n<td valign=\"center\" width=\"105\">0.02%RD\/K<\/td>\n<\/tr>\n<tr>\n<td valign=\"center\" width=\"184\">Excitation voltage Max<\/td>\n<td valign=\"center\" width=\"122\">10V<\/td>\n<td valign=\"center\" width=\"146\">Creep within 30 minutes<\/td>\n<td valign=\"center\" width=\"105\">0.1%FS<\/td>\n<\/tr>\n<tr>\n<td valign=\"center\" width=\"184\">Input \/ output impedance XY axis<\/td>\n<td valign=\"center\" width=\"122\">700\u03a9<\/td>\n<td valign=\"center\" width=\"146\">Operating temp. range<\/td>\n<td valign=\"center\" width=\"105\">-20&#8230;+85\u2103<\/td>\n<\/tr>\n<tr>\n<td valign=\"center\" width=\"184\">Input \/ output impedance z-axis<\/td>\n<td valign=\"center\" width=\"122\">350\u03a9<\/td>\n<td valign=\"center\" width=\"146\"><\/td>\n<td valign=\"center\" width=\"105\"><\/td>\n<\/tr>\n<\/tbody>\n<\/table>\n<\/div>\n<\/div>\n<p>&nbsp;<\/p>\n<div class=\"sliderTable mt10 mb10 sliderTable-index1 change-to-org\">\n<div class=\"inner\">\n<table width=\"882\">\n<tbody>\n<tr class=\"firstRow\">\n<td valign=\"top\" width=\"161\">Product name<\/td>\n<td valign=\"top\" width=\"678\">LCX3044 Multi Axis Load Cell Manufacturers Suppliers Multi-dimensional Force Sensor<\/td>\n<\/tr>\n<tr>\n<td valign=\"top\" width=\"161\">Brand<\/td>\n<td valign=\"top\" width=\"678\">SAINTBOND<\/td>\n<\/tr>\n<tr>\n<td valign=\"top\" width=\"161\">Market<\/td>\n<td valign=\"top\" width=\"678\">All over the world<\/td>\n<\/tr>\n<tr>\n<td valign=\"top\" width=\"161\">Features<\/td>\n<td valign=\"top\" width=\"678\">High precision and stable performance<\/td>\n<\/tr>\n<tr>\n<td valign=\"top\" width=\"161\">Advantage<\/td>\n<td valign=\"top\" width=\"678\">0EM\/ODM<\/td>\n<\/tr>\n<tr>\n<td valign=\"top\" width=\"161\">Sample Lead Time<\/td>\n<td valign=\"top\" width=\"678\">5~ 40Days<\/td>\n<\/tr>\n<tr>\n<td valign=\"top\" width=\"161\">Sample price<\/td>\n<td valign=\"top\" width=\"678\">The price is different according to product capacity<\/td>\n<\/tr>\n<tr>\n<td valign=\"top\" width=\"161\">Custom Design<\/td>\n<td valign=\"top\" width=\"678\">Welcome<\/td>\n<\/tr>\n<tr>\n<td valign=\"top\" width=\"161\">Form of sale<\/td>\n<td valign=\"top\" width=\"678\">Factory supply<\/td>\n<\/tr>\n<\/tbody>\n<\/table>\n<\/div>\n<\/div>\n<\/div>\n<\/div>\n<\/div>\n<div class=\"detial-cont-tabscont\">\n<div class=\"fix prodDesc\">\n<div class=\"prodDetail-editor-container \">\n<div class=\"sliderTable mt10 mb10 sliderTable-index1 change-to-org\"><\/div>\n<\/div>\n<\/div>\n<\/div>\n","protected":false},"excerpt":{"rendered":"<p>LCX3044 Multi Axis Load Cell Manufacturers Suppliers Multi-dimensional Force Sensor Product Description Product Introduction: \u25ceMaterial: alloy steel; \u25ceMeasuring range fxyz:50\/100\/200kn; \u25ceComprehensive accuracy: 0.5% FS; \u25ceOutput signal: 1.0mV\/V; Dimension: Technical Parameter\uff1a Parameter Reference Value Parameter Reference Value Material Alloy Steel Insulation Resistance 5\u03a9 Length\u00a0\u00d7\u00a0width\u00a0\u00d7height 300\u00d7300\u00d7100mm Accuracy class 0.5%FS Range XYZ axis 50,100,200\u00a0kN Linear error 0.2%FS Safety [&hellip;]<\/p>\n","protected":false},"featured_media":306709,"template":"","meta":[],"product_brand":[2471],"product_cat":[356],"product_tag":[641],"class_list":{"0":"post-306721","1":"product","2":"type-product","3":"status-publish","4":"has-post-thumbnail","6":"product_brand-saintbond-2-en","7":"product_cat-multiaxis-en","8":"product_tag-3-axis-load-cell","10":"first","11":"instock","12":"taxable","13":"shipping-taxable","14":"product-type-simple"},"aioseo_notices":[],"_links":{"self":[{"href":"https:\/\/ksensors.co.kr\/en\/wp-json\/wp\/v2\/product\/306721","targetHints":{"allow":["GET"]}}],"collection":[{"href":"https:\/\/ksensors.co.kr\/en\/wp-json\/wp\/v2\/product"}],"about":[{"href":"https:\/\/ksensors.co.kr\/en\/wp-json\/wp\/v2\/types\/product"}],"version-history":[{"count":0,"href":"https:\/\/ksensors.co.kr\/en\/wp-json\/wp\/v2\/product\/306721\/revisions"}],"wp:featuredmedia":[{"embeddable":true,"href":"https:\/\/ksensors.co.kr\/en\/wp-json\/wp\/v2\/media\/306709"}],"wp:attachment":[{"href":"https:\/\/ksensors.co.kr\/en\/wp-json\/wp\/v2\/media?parent=306721"}],"wp:term":[{"taxonomy":"product_brand","embeddable":true,"href":"https:\/\/ksensors.co.kr\/en\/wp-json\/wp\/v2\/product_brand?post=306721"},{"taxonomy":"product_cat","embeddable":true,"href":"https:\/\/ksensors.co.kr\/en\/wp-json\/wp\/v2\/product_cat?post=306721"},{"taxonomy":"product_tag","embeddable":true,"href":"https:\/\/ksensors.co.kr\/en\/wp-json\/wp\/v2\/product_tag?post=306721"}],"curies":[{"name":"wp","href":"https:\/\/api.w.org\/{rel}","templated":true}]}}