{"id":302152,"date":"2025-12-30T15:05:12","date_gmt":"2025-12-30T06:05:12","guid":{"rendered":"https:\/\/ksensors.co.kr\/product\/saintbond-lc464-metal-column-type-load-cell-tension-and-compression-two-way-multi-column-load-cell\/"},"modified":"2025-12-30T15:05:12","modified_gmt":"2025-12-30T06:05:12","slug":"saintbond-lc464-metal-column-type-load-cell-tension-and-compression-two-way-multi-column-load-cell","status":"publish","type":"product","link":"https:\/\/ksensors.co.kr\/en\/product\/saintbond-lc464-metal-column-type-load-cell-tension-and-compression-two-way-multi-column-load-cell\/","title":{"rendered":"SAINTBOND \/ LC464 Metal Column Type Load Cell Tension And Compression Two-way Multi-Column Load Cell"},"content":{"rendered":"<h1 class=\"this-description-name\">LC464 Metal Column Type Load Cell Tension And Compression Two-way Multi-Column Load Cell<\/h1>\n<p><a>Product Description<\/a><\/p>\n<div class=\"detial-cont-tabscont\">\n<div class=\"fix prodDesc\">\n<div class=\"prodDetail-editor-container \">\n<p><img fetchpriority=\"high\" decoding=\"async\" class=\" lazyloaded\" title=\"LC464-1\" src=\"https:\/\/ksensors.co.kr\/wp-content\/uploads\/2025\/12\/LC464-799x800.jpg\" alt=\"LC464-1\" width=\"600\" height=\"601\" border=\"0\" hspace=\"0\" vspace=\"0\" data-original=\"\/\/ilrorwxhklojlp5p.ldycdn.com\/cloud\/lqBpoKmlliSRkjommqpmim\/LC464.jpg\" \/><\/p>\n<p><strong>Dimension: (Unit: mm)<\/strong><\/p>\n<p><img decoding=\"async\" class=\" lazyloaded\" title=\"LC464\" src=\"https:\/\/ksensors.co.kr\/wp-content\/uploads\/2025\/12\/LC464.png\" alt=\"LC464\" data-original=\"\/\/ilrorwxhklojlp5p.ldycdn.com\/cloud\/lnBpoKmlliSRkjommqomim\/LC464.png\" \/><\/p>\n<div class=\"sliderTable mt10 mb10 sliderTable-index0 change-to-org\">\n<div class=\"inner\">\n<table width=\"629\">\n<tbody>\n<tr class=\"firstRow\">\n<td valign=\"top\" width=\"117\"><strong>Size\/Capacity<\/strong><\/td>\n<td valign=\"top\" width=\"94\"><strong>D<\/strong><\/td>\n<td valign=\"top\" width=\"106\"><strong>D1<\/strong><\/td>\n<td valign=\"top\" width=\"106\"><strong>L<\/strong><\/td>\n<td valign=\"top\" width=\"106\"><strong>L1<\/strong><\/td>\n<td valign=\"top\" width=\"101\"><strong>M<\/strong><\/td>\n<\/tr>\n<tr>\n<td valign=\"top\" width=\"117\">3000kN<\/td>\n<td valign=\"top\" width=\"94\">215<\/td>\n<td valign=\"top\" width=\"106\">188<\/td>\n<td valign=\"top\" width=\"106\">440<\/td>\n<td valign=\"top\" width=\"106\">120<\/td>\n<td valign=\"top\" width=\"101\">M170\u00d76<\/td>\n<\/tr>\n<tr>\n<td valign=\"top\" width=\"117\">4000kN<\/td>\n<td valign=\"top\" width=\"94\">240<\/td>\n<td valign=\"top\" width=\"106\">214<\/td>\n<td valign=\"top\" width=\"106\">440<\/td>\n<td valign=\"top\" width=\"106\">120<\/td>\n<td valign=\"top\" width=\"101\">M180\u00d76<\/td>\n<\/tr>\n<tr>\n<td valign=\"top\" width=\"117\">5000kN<\/td>\n<td valign=\"top\" width=\"94\">265<\/td>\n<td valign=\"top\" width=\"106\">230<\/td>\n<td valign=\"top\" width=\"106\">440<\/td>\n<td valign=\"top\" width=\"106\">120<\/td>\n<td valign=\"top\" width=\"101\">M200\u00d76<\/td>\n<\/tr>\n<tr>\n<td valign=\"top\" width=\"117\">6000kN<\/td>\n<td valign=\"top\" width=\"94\">265<\/td>\n<td valign=\"top\" width=\"106\">230<\/td>\n<td valign=\"top\" width=\"106\">440<\/td>\n<td valign=\"top\" width=\"106\">120<\/td>\n<td valign=\"top\" width=\"101\">M220\u00d76<\/td>\n<\/tr>\n<\/tbody>\n<\/table>\n<\/div>\n<\/div>\n<p><strong>\u00a0<\/strong><\/p>\n<p><strong>Specifications:<\/strong><\/p>\n<div class=\"sliderTable mt10 mb10 sliderTable-index1 change-to-org\">\n<div class=\"inner\">\n<table width=\"626\">\n<tbody>\n<tr class=\"firstRow\">\n<td valign=\"top\" width=\"141\">Capacity:<\/td>\n<td valign=\"top\" width=\"96\">0.1%<\/td>\n<td valign=\"top\" width=\"264\">Insulation Resistance:<\/td>\n<td valign=\"top\" width=\"125\">&gt;2000M\u03a9<\/td>\n<\/tr>\n<tr>\n<td valign=\"top\" width=\"141\">Accuracy:<\/td>\n<td valign=\"top\" width=\"96\">2m V\/V<\/td>\n<td valign=\"top\" width=\"264\">Temperature Effect On Sensitivity:<\/td>\n<td valign=\"top\" width=\"125\">&lt;0.05%FS\/10\u2103<\/td>\n<\/tr>\n<tr>\n<td valign=\"top\" width=\"141\">Non-linearity:<\/td>\n<td valign=\"top\" width=\"96\">\u22640.1%FS<\/td>\n<td valign=\"top\" width=\"264\">Temperature Effect On Zero Balance:<\/td>\n<td valign=\"top\" width=\"125\">&lt;0.05%FS\/10\u2103<\/td>\n<\/tr>\n<tr>\n<td valign=\"top\" width=\"141\">Repeatability:<\/td>\n<td valign=\"top\" width=\"96\">\u22640.05%FS<\/td>\n<td valign=\"top\" width=\"264\">Reference Excitation Voltage:<\/td>\n<td valign=\"top\" width=\"125\">10V(DC)<\/td>\n<\/tr>\n<tr>\n<td valign=\"top\" width=\"141\">Hysteresis:<\/td>\n<td valign=\"top\" width=\"96\">\u22640.1%<\/td>\n<td valign=\"top\" width=\"264\">Nominal Range Of Excitation Vol.:<\/td>\n<td valign=\"top\" width=\"125\">6~12V(DC)<\/td>\n<\/tr>\n<tr>\n<td valign=\"top\" width=\"141\">Input Resistance:<\/td>\n<td valign=\"top\" width=\"96\">380\u03a9<\/td>\n<td valign=\"top\" width=\"264\">Service Temperature Range:<\/td>\n<td valign=\"top\" width=\"125\">-30~70\u2103<\/td>\n<\/tr>\n<tr>\n<td valign=\"top\" width=\"141\">Output Resistance:<\/td>\n<td valign=\"top\" width=\"96\">350\u03a9<\/td>\n<td valign=\"top\" width=\"264\">Safe Load Limit:<\/td>\n<td valign=\"top\" width=\"125\">120%FS<\/td>\n<\/tr>\n<\/tbody>\n<\/table>\n<\/div>\n<\/div>\n<p>&nbsp;<\/p>\n<div class=\"sliderTable mt10 mb10 sliderTable-index2 change-to-org\">\n<div class=\"inner\">\n<table width=\"882\">\n<tbody>\n<tr class=\"firstRow\">\n<td valign=\"top\" width=\"161\">Product name<\/td>\n<td valign=\"top\" width=\"678\">LC464 Metal Column Type Load Cell Tension And Compression Two-way Multi-Column Load Cell<\/td>\n<\/tr>\n<tr>\n<td valign=\"top\" width=\"161\">Brand<\/td>\n<td valign=\"top\" width=\"678\">SAINTBOND<\/td>\n<\/tr>\n<tr>\n<td valign=\"top\" width=\"161\">Market<\/td>\n<td valign=\"top\" width=\"678\">All over the world<\/td>\n<\/tr>\n<tr>\n<td valign=\"top\" width=\"161\">Features<\/td>\n<td valign=\"top\" width=\"678\">High precision and stable performance<\/td>\n<\/tr>\n<tr>\n<td valign=\"top\" width=\"161\">Advantage<\/td>\n<td valign=\"top\" width=\"678\">0EM\/ODM<\/td>\n<\/tr>\n<tr>\n<td valign=\"top\" width=\"161\">Sample Lead Time<\/td>\n<td valign=\"top\" width=\"678\">5~ 40Days<\/td>\n<\/tr>\n<tr>\n<td valign=\"top\" width=\"161\">Sample price<\/td>\n<td valign=\"top\" width=\"678\">The price is different according to product capacity<\/td>\n<\/tr>\n<tr>\n<td valign=\"top\" width=\"161\">Custom Design<\/td>\n<td valign=\"top\" width=\"678\">Welcome<\/td>\n<\/tr>\n<tr>\n<td valign=\"top\" width=\"161\">Form of sale<\/td>\n<td valign=\"top\" width=\"678\">Factory supply<\/td>\n<\/tr>\n<\/tbody>\n<\/table>\n<\/div>\n<\/div>\n<\/div>\n<\/div>\n<\/div>\n<div class=\"detial-cont-tabscont\">\n<div class=\"fix prodDesc\">\n<div class=\"prodDetail-editor-container \">\n<div class=\"sliderTable mt10 mb10 sliderTable-index2 change-to-org\"><\/div>\n<\/div>\n<\/div>\n<\/div>\n","protected":false},"excerpt":{"rendered":"<p>LC464 Metal Column Type Load Cell Tension And Compression Two-way Multi-Column Load Cell Product Description Dimension: (Unit: mm) Size\/Capacity D D1 L L1 M 3000kN 215 188 440 120 M170\u00d76 4000kN 240 214 440 120 M180\u00d76 5000kN 265 230 440 120 M200\u00d76 6000kN 265 230 440 120 M220\u00d76 \u00a0 Specifications: Capacity: 0.1% Insulation Resistance: &gt;2000M\u03a9 [&hellip;]<\/p>\n","protected":false},"featured_media":302140,"template":"","meta":[],"product_brand":[2471],"product_cat":[574],"product_tag":[575],"class_list":{"0":"post-302152","1":"product","2":"type-product","3":"status-publish","4":"has-post-thumbnail","6":"product_brand-saintbond-2-en","7":"product_cat-column-load-cell-en","8":"product_tag---en","10":"first","11":"instock","12":"taxable","13":"shipping-taxable","14":"product-type-simple"},"aioseo_notices":[],"_links":{"self":[{"href":"https:\/\/ksensors.co.kr\/en\/wp-json\/wp\/v2\/product\/302152","targetHints":{"allow":["GET"]}}],"collection":[{"href":"https:\/\/ksensors.co.kr\/en\/wp-json\/wp\/v2\/product"}],"about":[{"href":"https:\/\/ksensors.co.kr\/en\/wp-json\/wp\/v2\/types\/product"}],"version-history":[{"count":0,"href":"https:\/\/ksensors.co.kr\/en\/wp-json\/wp\/v2\/product\/302152\/revisions"}],"wp:featuredmedia":[{"embeddable":true,"href":"https:\/\/ksensors.co.kr\/en\/wp-json\/wp\/v2\/media\/302140"}],"wp:attachment":[{"href":"https:\/\/ksensors.co.kr\/en\/wp-json\/wp\/v2\/media?parent=302152"}],"wp:term":[{"taxonomy":"product_brand","embeddable":true,"href":"https:\/\/ksensors.co.kr\/en\/wp-json\/wp\/v2\/product_brand?post=302152"},{"taxonomy":"product_cat","embeddable":true,"href":"https:\/\/ksensors.co.kr\/en\/wp-json\/wp\/v2\/product_cat?post=302152"},{"taxonomy":"product_tag","embeddable":true,"href":"https:\/\/ksensors.co.kr\/en\/wp-json\/wp\/v2\/product_tag?post=302152"}],"curies":[{"name":"wp","href":"https:\/\/api.w.org\/{rel}","templated":true}]}}