{"id":301731,"date":"2025-12-30T13:23:11","date_gmt":"2025-12-30T04:23:11","guid":{"rendered":"https:\/\/ksensors.co.kr\/product\/saintbond-lc201d-s-beam-tension-and-compression-load-cell-s-type-load-cells\/"},"modified":"2025-12-30T13:23:11","modified_gmt":"2025-12-30T04:23:11","slug":"saintbond-lc201d-s-beam-tension-and-compression-load-cell-s-type-load-cells","status":"publish","type":"product","link":"https:\/\/ksensors.co.kr\/en\/product\/saintbond-lc201d-s-beam-tension-and-compression-load-cell-s-type-load-cells\/","title":{"rendered":"SAINTBOND \/ LC201D S-Beam Tension And Compression Load Cell S-Type Load Cells"},"content":{"rendered":"<h1 class=\"this-description-name\">LC201D S-Beam Tension And Compression Load Cell S-Type Load Cells<\/h1>\n<p><strong><a>Product Description<\/a><\/strong><\/p>\n<div class=\"detial-cont-tabscont\">\n<div class=\"fix prodDesc\">\n<div class=\"prodDetail-editor-container \">\n<p>&nbsp;<\/p>\n<p><img decoding=\"async\" class=\" lazyloaded\" title=\"LC201D-\" src=\"https:\/\/ksensors.co.kr\/wp-content\/uploads\/2025\/12\/LC201D.png\" alt=\"LC201D-\" data-original=\"\/\/ilrorwxhklojlp5p.ldycdn.com\/cloud\/lmBpoKmlliSRkjompmojip\/LC201D.png\" \/><\/p>\n<p><strong>Dimension:Unit mm<\/strong><\/p>\n<p><img decoding=\"async\" class=\" lazyloaded\" title=\"LC201D\" src=\"https:\/\/ksensors.co.kr\/wp-content\/uploads\/2025\/12\/1_LC201D.png\" alt=\"LC201D\" data-original=\"\/\/ilrorwxhklojlp5p.ldycdn.com\/cloud\/lpBpoKmlliSRkjompmnjip\/LC201D.png\" \/><\/p>\n<p>&nbsp;<\/p>\n<div class=\"sliderTable mt10 mb10 sliderTable-index0 change-to-org\">\n<div class=\"inner\">\n<table>\n<tbody>\n<tr class=\"firstRow\">\n<td valign=\"top\" width=\"82\">Capacity<\/td>\n<td valign=\"top\" width=\"51\">L<\/td>\n<td valign=\"top\" width=\"69\">F<\/td>\n<td valign=\"top\" width=\"69\">G<\/td>\n<td valign=\"top\" width=\"70\">T<\/td>\n<td valign=\"top\" width=\"70\">C<\/td>\n<td rowspan=\"2\" valign=\"top\" width=\"79\">R<\/td>\n<td valign=\"top\" width=\"61\">Weight<\/td>\n<\/tr>\n<tr>\n<td valign=\"top\" width=\"82\">(kg)<\/td>\n<td colspan=\"4\" valign=\"top\" width=\"259\">(mm)<\/td>\n<td valign=\"top\" width=\"70\">(m)<\/td>\n<td valign=\"top\" width=\"61\">(kg)<\/td>\n<\/tr>\n<tr>\n<td valign=\"top\" width=\"82\">500kg<\/td>\n<td valign=\"top\" width=\"51\">60<\/td>\n<td valign=\"top\" width=\"69\">50<\/td>\n<td valign=\"top\" width=\"69\">22<\/td>\n<td valign=\"top\" width=\"70\">10<\/td>\n<td valign=\"top\" width=\"70\">3<\/td>\n<td valign=\"top\" width=\"79\">M12\u00d71.75<\/td>\n<td valign=\"top\" width=\"61\">0.37<\/td>\n<\/tr>\n<tr>\n<td valign=\"top\" width=\"82\">1000kg<\/td>\n<td valign=\"top\" width=\"51\">72<\/td>\n<td valign=\"top\" width=\"69\">63<\/td>\n<td valign=\"top\" width=\"69\">26<\/td>\n<td valign=\"top\" width=\"70\">15.5<\/td>\n<td valign=\"top\" width=\"70\">3<\/td>\n<td valign=\"top\" width=\"79\">M16\u00d72<\/td>\n<td valign=\"top\" width=\"61\">0.66<\/td>\n<\/tr>\n<tr>\n<td valign=\"top\" width=\"82\">2000kg<\/td>\n<td valign=\"top\" width=\"51\">72<\/td>\n<td valign=\"top\" width=\"69\">63<\/td>\n<td valign=\"top\" width=\"69\">26<\/td>\n<td valign=\"top\" width=\"70\">15.5<\/td>\n<td valign=\"top\" width=\"70\">3<\/td>\n<td valign=\"top\" width=\"79\">M16\u00d72<\/td>\n<td valign=\"top\" width=\"61\">0.68<\/td>\n<\/tr>\n<tr>\n<td valign=\"top\" width=\"82\">5000kg<\/td>\n<td valign=\"top\" width=\"51\">90<\/td>\n<td valign=\"top\" width=\"69\">80<\/td>\n<td valign=\"top\" width=\"69\">40<\/td>\n<td valign=\"top\" width=\"70\">22.5<\/td>\n<td valign=\"top\" width=\"70\">3<\/td>\n<td valign=\"top\" width=\"79\">M24\u00d72<\/td>\n<td valign=\"top\" width=\"61\">1.77<\/td>\n<\/tr>\n<\/tbody>\n<\/table>\n<\/div>\n<\/div>\n<p><strong>Product Description:<\/strong><\/p>\n<p>The LC201D\u00a0S Cell is a shear design for high accuracy measurement of medium to high range tension and compression applications. Readily available and low cost make this an excellent choice for a wide range of test and measurement applications. With female threads on either end they can be directly attached to actuators for tension and compression applications or supplied with rod ends for tensile application.<\/p>\n<p>&nbsp;<\/p>\n<p>Standard ranges are from 500kg~5000kg. Electrical output is 2mV\/V with options for amplified outputs of 4-20mA, 0-5VDC, 0-10VDC or +\/-10VDC.<\/p>\n<p>&nbsp;<\/p>\n<p>All products come with calibration certificate. Non-standard sizes, ranges, cable lengths and shunt available on request. Contact us for custom designs.<\/p>\n<p><strong>Applications:<\/strong><\/p>\n<p>Suspended tanks and hoppers, crane scale.\u00a0Suitable for general applications in the process weighing and process automation and control sectors.<\/p>\n<p>&nbsp;<\/p>\n<p><strong>Technical Parameter:<\/strong><\/p>\n<div class=\"sliderTable mt10 mb10 sliderTable-index1 change-to-org\">\n<div class=\"inner\">\n<table width=\"563\">\n<tbody>\n<tr class=\"firstRow\">\n<td valign=\"center\" width=\"146\">Rated Load:<\/td>\n<td colspan=\"3\" valign=\"center\" width=\"417\">500\/1000\/2000\/5000kg<\/td>\n<\/tr>\n<tr>\n<td valign=\"center\" width=\"146\">Sensitivity:<\/td>\n<td valign=\"center\" width=\"120\">(2.0\u00b10.1%) mV\/V<\/td>\n<td valign=\"center\" width=\"177\">Operating Temp.Range:<\/td>\n<td valign=\"center\" width=\"121\">-30~+70\u2103<\/td>\n<\/tr>\n<tr>\n<td valign=\"center\" width=\"146\">Combined Error:<\/td>\n<td valign=\"center\" width=\"120\">\u00b10.02% F.S<\/td>\n<td valign=\"center\" width=\"177\">Maximum Safe Over Load:<\/td>\n<td valign=\"center\" width=\"121\">150%F.S<\/td>\n<\/tr>\n<tr>\n<td valign=\"center\" width=\"146\">Creep Error (30min):<\/td>\n<td valign=\"center\" width=\"120\">\u00b10.02% F.S<\/td>\n<td valign=\"center\" width=\"177\">Ultimate Over Load:<\/td>\n<td valign=\"center\" width=\"121\">300%F.S<\/td>\n<\/tr>\n<tr>\n<td valign=\"center\" width=\"146\">Zero Balance:<\/td>\n<td valign=\"center\" width=\"120\">\u00b11% F.S<\/td>\n<td valign=\"center\" width=\"177\">Recommend Excitation Vol.:<\/td>\n<td valign=\"center\" width=\"121\">10~12V DC<\/td>\n<\/tr>\n<tr>\n<td valign=\"center\" width=\"146\">Temp. Effect On Zero:<\/td>\n<td valign=\"center\" width=\"120\">\u00b10.05% F.S\/10\u2103<\/td>\n<td valign=\"center\" width=\"177\">Maximum Excitation Vol.:<\/td>\n<td valign=\"center\" width=\"121\">15V DC<\/td>\n<\/tr>\n<tr>\n<td valign=\"center\" width=\"146\">Temp. Effect On Span:<\/td>\n<td valign=\"center\" width=\"120\">\u00b10.05% F.S\/10\u2103<\/td>\n<td valign=\"center\" width=\"177\">Sealing Class:<\/td>\n<td valign=\"center\" width=\"121\">IP67<\/td>\n<\/tr>\n<tr>\n<td valign=\"center\" width=\"146\">Input Resistance:<\/td>\n<td valign=\"center\" width=\"120\">400\u00b115\u03a9<\/td>\n<td valign=\"center\" width=\"177\">Element Material:<\/td>\n<td valign=\"center\" width=\"121\">Alloy \/Stainless Steel<\/td>\n<\/tr>\n<tr>\n<td valign=\"center\" width=\"146\">Output Resistance:<\/td>\n<td valign=\"center\" width=\"120\">350\u00b13\u03a9<\/td>\n<td valign=\"center\" width=\"177\">Cable:<\/td>\n<td valign=\"center\" width=\"121\">Length=L:3m<\/td>\n<\/tr>\n<tr>\n<td valign=\"center\" width=\"146\">Insulation Resistance:<\/td>\n<td valign=\"center\" width=\"120\">\u22655000M\u03a9<\/td>\n<td valign=\"center\" width=\"177\">Citation:<\/td>\n<td valign=\"center\" width=\"121\">CE<\/td>\n<\/tr>\n<\/tbody>\n<\/table>\n<\/div>\n<\/div>\n<p>&nbsp;<\/p>\n<div class=\"sliderTable mt10 mb10 sliderTable-index2 change-to-org\">\n<div class=\"inner\">\n<table width=\"882\">\n<tbody>\n<tr class=\"firstRow\">\n<td valign=\"top\" width=\"161\">Product name<\/td>\n<td valign=\"top\" width=\"678\">LC201D S-Beam Tension And Compression Load Cell S-Type Load Cells<\/td>\n<\/tr>\n<tr>\n<td valign=\"top\" width=\"161\">Brand<\/td>\n<td valign=\"top\" width=\"678\">SAINTBOND<\/td>\n<\/tr>\n<tr>\n<td valign=\"top\" width=\"161\">Market<\/td>\n<td valign=\"top\" width=\"678\">All over the world<\/td>\n<\/tr>\n<tr>\n<td valign=\"top\" width=\"161\">Features<\/td>\n<td valign=\"top\" width=\"678\">High precision and stable performance<\/td>\n<\/tr>\n<tr>\n<td valign=\"top\" width=\"161\">Advantage<\/td>\n<td valign=\"top\" width=\"678\">0EM\/ODM<\/td>\n<\/tr>\n<tr>\n<td valign=\"top\" width=\"161\">Sample Lead Time<\/td>\n<td valign=\"top\" width=\"678\">5~ 40Days<\/td>\n<\/tr>\n<tr>\n<td valign=\"top\" width=\"161\">Sample price<\/td>\n<td valign=\"top\" width=\"678\">The price is different according to product capacity<\/td>\n<\/tr>\n<tr>\n<td valign=\"top\" width=\"161\">Custom Design<\/td>\n<td valign=\"top\" width=\"678\">Welcome<\/td>\n<\/tr>\n<tr>\n<td valign=\"top\" width=\"161\">Form of sale<\/td>\n<td valign=\"top\" width=\"678\">Factory supply<\/td>\n<\/tr>\n<\/tbody>\n<\/table>\n<\/div>\n<\/div>\n<\/div>\n<\/div>\n<\/div>\n<div class=\"detial-cont-tabscont\">\n<div class=\"fix prodDesc\">\n<div class=\"prodDetail-editor-container \">\n<div class=\"sliderTable mt10 mb10 sliderTable-index2 change-to-org\"><\/div>\n<\/div>\n<\/div>\n<\/div>\n","protected":false},"excerpt":{"rendered":"<p>LC201D S-Beam Tension And Compression Load Cell S-Type Load Cells Product Description &nbsp; Dimension:Unit mm &nbsp; Capacity L F G T C R Weight (kg) (mm) (m) (kg) 500kg 60 50 22 10 3 M12\u00d71.75 0.37 1000kg 72 63 26 15.5 3 M16\u00d72 0.66 2000kg 72 63 26 15.5 3 M16\u00d72 0.68 5000kg 90 80 [&hellip;]<\/p>\n","protected":false},"featured_media":301722,"template":"","meta":[],"product_brand":[2471],"product_cat":[350],"product_tag":[2183],"class_list":{"0":"post-301731","1":"product","2":"type-product","3":"status-publish","4":"has-post-thumbnail","6":"product_brand-saintbond-2-en","7":"product_cat-s-type-load-cell-en","8":"product_tag-s-type-2-en","10":"first","11":"instock","12":"taxable","13":"shipping-taxable","14":"product-type-simple"},"aioseo_notices":[],"_links":{"self":[{"href":"https:\/\/ksensors.co.kr\/en\/wp-json\/wp\/v2\/product\/301731","targetHints":{"allow":["GET"]}}],"collection":[{"href":"https:\/\/ksensors.co.kr\/en\/wp-json\/wp\/v2\/product"}],"about":[{"href":"https:\/\/ksensors.co.kr\/en\/wp-json\/wp\/v2\/types\/product"}],"version-history":[{"count":0,"href":"https:\/\/ksensors.co.kr\/en\/wp-json\/wp\/v2\/product\/301731\/revisions"}],"wp:featuredmedia":[{"embeddable":true,"href":"https:\/\/ksensors.co.kr\/en\/wp-json\/wp\/v2\/media\/301722"}],"wp:attachment":[{"href":"https:\/\/ksensors.co.kr\/en\/wp-json\/wp\/v2\/media?parent=301731"}],"wp:term":[{"taxonomy":"product_brand","embeddable":true,"href":"https:\/\/ksensors.co.kr\/en\/wp-json\/wp\/v2\/product_brand?post=301731"},{"taxonomy":"product_cat","embeddable":true,"href":"https:\/\/ksensors.co.kr\/en\/wp-json\/wp\/v2\/product_cat?post=301731"},{"taxonomy":"product_tag","embeddable":true,"href":"https:\/\/ksensors.co.kr\/en\/wp-json\/wp\/v2\/product_tag?post=301731"}],"curies":[{"name":"wp","href":"https:\/\/api.w.org\/{rel}","templated":true}]}}