{"id":301674,"date":"2025-12-30T13:16:13","date_gmt":"2025-12-30T04:16:13","guid":{"rendered":"https:\/\/ksensors.co.kr\/product\/saintbond-lc219-tension-load-cell-strain-and-force-sensors-amazon-high-accuracy-weighing-load-cell\/"},"modified":"2025-12-30T13:16:13","modified_gmt":"2025-12-30T04:16:13","slug":"saintbond-lc219-tension-load-cell-strain-and-force-sensors-amazon-high-accuracy-weighing-load-cell","status":"publish","type":"product","link":"https:\/\/ksensors.co.kr\/en\/product\/saintbond-lc219-tension-load-cell-strain-and-force-sensors-amazon-high-accuracy-weighing-load-cell\/","title":{"rendered":"SAINTBOND \/ LC219 Tension Load Cell Strain And Force Sensors Amazon High Accuracy Weighing Load Cell"},"content":{"rendered":"<h1 class=\"this-description-name\">LC219 Tension Load Cell Strain And Force Sensors Amazon High Accuracy Weighing Load Cell<\/h1>\n<p><strong><a>Product Description<\/a><\/strong><\/p>\n<div class=\"detial-cont-tabscont\">\n<div class=\"fix prodDesc\">\n<div class=\"prodDetail-editor-container \">\n<p><img decoding=\"async\" class=\" lazyloaded\" title=\"LC219\" src=\"https:\/\/ksensors.co.kr\/wp-content\/uploads\/2025\/12\/LC219.jpg\" alt=\"LC219\" data-original=\"\/\/ilrorwxhklojlp5p.ldycdn.com\/cloud\/liBpoKmlliSRkjommmpiim\/LC219.jpg\" \/><\/p>\n<p><strong>Dimensions: Unit: mm(inch):<\/strong><\/p>\n<p><img decoding=\"async\" class=\" lazyloaded\" title=\"LC219\" src=\"https:\/\/ksensors.co.kr\/wp-content\/uploads\/2025\/12\/LC219.png\" alt=\"LC219\" data-original=\"\/\/ilrorwxhklojlp5p.ldycdn.com\/cloud\/ljBpoKmlliSRkjommmpjim\/LC219.png\" \/><\/p>\n<div class=\"sliderTable mt10 mb10 sliderTable-index0 change-to-org\">\n<div class=\"inner\">\n<table>\n<tbody>\n<tr class=\"firstRow\">\n<td valign=\"center\" width=\"89\"><strong>Cap.\/Size<\/strong><\/td>\n<td valign=\"center\" width=\"86\"><strong>L<\/strong><\/td>\n<td valign=\"center\" width=\"94\"><strong>H<\/strong><\/td>\n<td valign=\"center\" width=\"104\"><strong>B<\/strong><\/td>\n<td valign=\"center\" width=\"118\"><strong>M<\/strong><\/td>\n<td valign=\"center\" width=\"118\"><strong>H1<\/strong><\/td>\n<\/tr>\n<tr>\n<td valign=\"center\" width=\"89\">7.5~10t<\/td>\n<td valign=\"center\" width=\"86\">125(4.92)<\/td>\n<td valign=\"center\" width=\"94\">175(6.89)<\/td>\n<td valign=\"center\" width=\"104\">50(1.97)<\/td>\n<td valign=\"center\" width=\"118\">M33\u00d73<\/td>\n<td valign=\"center\" width=\"118\">40.2(1.58)<\/td>\n<\/tr>\n<tr>\n<td valign=\"center\" width=\"89\">15~20t<\/td>\n<td valign=\"center\" width=\"86\">160(6.3)<\/td>\n<td valign=\"center\" width=\"94\">200(7.89)<\/td>\n<td valign=\"center\" width=\"104\">60(2036)<\/td>\n<td valign=\"center\" width=\"118\">M42\u00d73<\/td>\n<td valign=\"center\" width=\"118\">51(2.01)<\/td>\n<\/tr>\n<tr>\n<td valign=\"center\" width=\"89\">30t<\/td>\n<td valign=\"center\" width=\"86\">190(7.48)<\/td>\n<td valign=\"center\" width=\"94\">230(9.06)<\/td>\n<td valign=\"center\" width=\"104\">80(3.15)<\/td>\n<td valign=\"center\" width=\"118\">M42\u00d73<\/td>\n<td valign=\"center\" width=\"118\">57.5(2.26)<\/td>\n<\/tr>\n<\/tbody>\n<\/table>\n<\/div>\n<\/div>\n<p><strong>Technical Parameter:<\/strong><\/p>\n<div class=\"sliderTable mt10 mb10 sliderTable-index1 change-to-org\">\n<div class=\"inner\">\n<table>\n<tbody>\n<tr class=\"firstRow\">\n<td valign=\"top\" width=\"144\">Rated Load:<\/td>\n<td valign=\"center\" width=\"120\">7.5\/10\/15\/20\/30t<\/td>\n<td valign=\"top\" width=\"171\">Operating Temp. Range:<\/td>\n<td valign=\"top\" width=\"184\">-30~+70\u2103<\/td>\n<\/tr>\n<tr>\n<td valign=\"top\" width=\"144\">Sensitivity:<\/td>\n<td valign=\"top\" width=\"120\">(2.0\u00b10.1%) m V\/V<\/td>\n<td valign=\"top\" width=\"171\">Maximum Safe Over Load:<\/td>\n<td valign=\"top\" width=\"184\">150%F.S<\/td>\n<\/tr>\n<tr>\n<td valign=\"top\" width=\"144\">Combined Error:<\/td>\n<td valign=\"top\" width=\"120\">\u00b10.02% F.S<\/td>\n<td valign=\"top\" width=\"171\">Ultimate Over Load:<\/td>\n<td valign=\"top\" width=\"184\">300%F.S<\/td>\n<\/tr>\n<tr>\n<td valign=\"top\" width=\"144\">Creep Error(30min):<\/td>\n<td valign=\"top\" width=\"120\">\u00b10.02% F.S<\/td>\n<td valign=\"top\" width=\"171\">Recommend Excitation:<\/td>\n<td valign=\"top\" width=\"184\">10~12V DC<\/td>\n<\/tr>\n<tr>\n<td valign=\"top\" width=\"144\">Zero Balance:<\/td>\n<td valign=\"top\" width=\"120\">\u00b11% F.S<\/td>\n<td valign=\"top\" width=\"171\">Maximum Excitation:<\/td>\n<td valign=\"top\" width=\"184\">15V DC<\/td>\n<\/tr>\n<tr>\n<td valign=\"top\" width=\"144\">Temp. Effect On Zero:<\/td>\n<td valign=\"top\" width=\"120\">\u00b10.02% F.S\/10\u2103<\/td>\n<td valign=\"top\" width=\"171\">Sealing Class:<\/td>\n<td valign=\"top\" width=\"184\">IP67\/IP68<\/td>\n<\/tr>\n<tr>\n<td valign=\"top\" width=\"144\">Temp. Effect On Span:<\/td>\n<td valign=\"top\" width=\"120\">\u00b10.02% F.S\/10\u2103<\/td>\n<td valign=\"top\" width=\"171\">Element Material:<\/td>\n<td valign=\"top\" width=\"184\">Alloy \/Stainless Steel<\/td>\n<\/tr>\n<tr>\n<td valign=\"center\" width=\"144\">Input Resistance:<\/td>\n<td valign=\"center\" width=\"120\">385\u00b15\u03a9<\/td>\n<td valign=\"center\" width=\"171\">Cable:<\/td>\n<td valign=\"center\" width=\"184\">Length=L:3m~5m<\/td>\n<\/tr>\n<tr>\n<td valign=\"center\" width=\"144\">Output Resistance:<\/td>\n<td valign=\"center\" width=\"120\">352\u00b12\u03a9<\/td>\n<td valign=\"center\" width=\"171\">Citation:<\/td>\n<td valign=\"center\" width=\"184\">GB\/T7551-2008\/ OIML R60<\/td>\n<\/tr>\n<tr>\n<td valign=\"center\" width=\"144\">Insulation Resistance:<\/td>\n<td valign=\"center\" width=\"120\">\u22655000M\u03a9<\/td>\n<td valign=\"center\" width=\"171\">Mode Of Connection:<\/td>\n<td valign=\"center\" width=\"184\">Red(Input+),Green(Output+),<\/p>\n<p>Black(Input-),White(Output-)<\/td>\n<\/tr>\n<\/tbody>\n<\/table>\n<\/div>\n<\/div>\n<p><img decoding=\"async\" class=\" lazyloaded\" title=\"LC219-1\" src=\"https:\/\/ksensors.co.kr\/wp-content\/uploads\/2025\/12\/1_LC219-445x800.png\" alt=\"LC219-1\" data-original=\"\/\/ilrorwxhklojlp5p.ldycdn.com\/cloud\/lrBpoKmlliSRkjommmnkim\/LC219.png\" \/><\/p>\n<p>&nbsp;<\/p>\n<div class=\"sliderTable mt10 mb10 sliderTable-index2 change-to-org\">\n<div class=\"inner\">\n<table width=\"882\">\n<tbody>\n<tr class=\"firstRow\">\n<td valign=\"top\" width=\"161\">Product name<\/td>\n<td valign=\"top\" width=\"678\">LC219 Tension Load Cell Strain And Force Sensors Amazon High Accuracy Weighing Load Cell<\/td>\n<\/tr>\n<tr>\n<td valign=\"top\" width=\"161\">Brand<\/td>\n<td valign=\"top\" width=\"678\">SAINTBOND<\/td>\n<\/tr>\n<tr>\n<td valign=\"top\" width=\"161\">Market<\/td>\n<td valign=\"top\" width=\"678\">All over the world<\/td>\n<\/tr>\n<tr>\n<td valign=\"top\" width=\"161\">Features<\/td>\n<td valign=\"top\" width=\"678\">High precision and stable performance<\/td>\n<\/tr>\n<tr>\n<td valign=\"top\" width=\"161\">Advantage<\/td>\n<td valign=\"top\" width=\"678\">0EM\/ODM<\/td>\n<\/tr>\n<tr>\n<td valign=\"top\" width=\"161\">Sample Lead Time<\/td>\n<td valign=\"top\" width=\"678\">5~ 40Days<\/td>\n<\/tr>\n<tr>\n<td valign=\"top\" width=\"161\">Sample price<\/td>\n<td valign=\"top\" width=\"678\">The price is different according to product capacity<\/td>\n<\/tr>\n<tr>\n<td valign=\"top\" width=\"161\">Custom Design<\/td>\n<td valign=\"top\" width=\"678\">Welcome<\/td>\n<\/tr>\n<tr>\n<td valign=\"top\" width=\"161\">Form of sale<\/td>\n<td valign=\"top\" width=\"678\">Factory supply<\/td>\n<\/tr>\n<\/tbody>\n<\/table>\n<\/div>\n<\/div>\n<\/div>\n<\/div>\n<\/div>\n","protected":false},"excerpt":{"rendered":"<p>LC219 Tension Load Cell Strain And Force Sensors Amazon High Accuracy Weighing Load Cell Product Description Dimensions: Unit: mm(inch): Cap.\/Size L H B M H1 7.5~10t 125(4.92) 175(6.89) 50(1.97) M33\u00d73 40.2(1.58) 15~20t 160(6.3) 200(7.89) 60(2036) M42\u00d73 51(2.01) 30t 190(7.48) 230(9.06) 80(3.15) M42\u00d73 57.5(2.26) Technical Parameter: Rated Load: 7.5\/10\/15\/20\/30t Operating Temp. Range: -30~+70\u2103 Sensitivity: (2.0\u00b10.1%) m [&hellip;]<\/p>\n","protected":false},"featured_media":301659,"template":"","meta":[],"product_brand":[2471],"product_cat":[350],"product_tag":[2183],"class_list":{"0":"post-301674","1":"product","2":"type-product","3":"status-publish","4":"has-post-thumbnail","6":"product_brand-saintbond-2-en","7":"product_cat-s-type-load-cell-en","8":"product_tag-s-type-2-en","10":"first","11":"instock","12":"taxable","13":"shipping-taxable","14":"product-type-simple"},"aioseo_notices":[],"_links":{"self":[{"href":"https:\/\/ksensors.co.kr\/en\/wp-json\/wp\/v2\/product\/301674","targetHints":{"allow":["GET"]}}],"collection":[{"href":"https:\/\/ksensors.co.kr\/en\/wp-json\/wp\/v2\/product"}],"about":[{"href":"https:\/\/ksensors.co.kr\/en\/wp-json\/wp\/v2\/types\/product"}],"version-history":[{"count":0,"href":"https:\/\/ksensors.co.kr\/en\/wp-json\/wp\/v2\/product\/301674\/revisions"}],"wp:featuredmedia":[{"embeddable":true,"href":"https:\/\/ksensors.co.kr\/en\/wp-json\/wp\/v2\/media\/301659"}],"wp:attachment":[{"href":"https:\/\/ksensors.co.kr\/en\/wp-json\/wp\/v2\/media?parent=301674"}],"wp:term":[{"taxonomy":"product_brand","embeddable":true,"href":"https:\/\/ksensors.co.kr\/en\/wp-json\/wp\/v2\/product_brand?post=301674"},{"taxonomy":"product_cat","embeddable":true,"href":"https:\/\/ksensors.co.kr\/en\/wp-json\/wp\/v2\/product_cat?post=301674"},{"taxonomy":"product_tag","embeddable":true,"href":"https:\/\/ksensors.co.kr\/en\/wp-json\/wp\/v2\/product_tag?post=301674"}],"curies":[{"name":"wp","href":"https:\/\/api.w.org\/{rel}","templated":true}]}}